{"id":840,"date":"2022-05-20T19:00:20","date_gmt":"2022-05-20T19:00:20","guid":{"rendered":"https:\/\/www.sindy-krause-apotheken.de\/?page_id=840"},"modified":"2025-02-16T09:00:00","modified_gmt":"2025-02-16T09:00:00","slug":"012017-2","status":"publish","type":"page","link":"https:\/\/www.sindy-krause-apotheken.de\/index.php\/karriere\/012017-2\/","title":{"rendered":"JOB-ID: 012017"},"content":{"rendered":"<p>[et_pb_section fb_built=&#8220;1&#8243; fullwidth=&#8220;on&#8220; _builder_version=&#8220;4.18.1&#8243; _module_preset=&#8220;default&#8220; overflow-x=&#8220;visible&#8220; overflow-y=&#8220;visible&#8220; global_module=&#8220;181&#8243; saved_tabs=&#8220;all&#8220; global_colors_info=&#8220;{}&#8220;][et_pb_fullwidth_menu menu_id=&#8220;5&#8243; submenu_direction=&#8220;downwards&#8220; fullwidth_menu=&#8220;off&#8220; _builder_version=&#8220;4.19.0&#8243; _module_preset=&#8220;default&#8220; menu_font=&#8220;Montserrat_local_mk|600|||||||&#8220; menu_font_size=&#8220;15px&#8220; background_color=&#8220;#f4f4f4&#8243; z_index=&#8220;274&#8243; height=&#8220;60px&#8220; custom_margin=&#8220;-18px||||false|false&#8220; custom_padding=&#8220;0px||0px||false|false&#8220; global_colors_info=&#8220;{}&#8220;][\/et_pb_fullwidth_menu][\/et_pb_section][et_pb_section fb_built=&#8220;1&#8243; _builder_version=&#8220;4.16&#8243; _module_preset=&#8220;default&#8220; custom_padding=&#8220;0px||0px||false|false&#8220; global_colors_info=&#8220;{}&#8220;][et_pb_row _builder_version=&#8220;4.16&#8243; _module_preset=&#8220;default&#8220; height=&#8220;60px&#8220; custom_padding=&#8220;||0px||false|false&#8220; global_colors_info=&#8220;{}&#8220;][et_pb_column type=&#8220;4_4&#8243; _builder_version=&#8220;4.16&#8243; _module_preset=&#8220;default&#8220; global_colors_info=&#8220;{}&#8220;][et_pb_sidebar area=&#8220;et_pb_widget_area_1&#8243; show_border=&#8220;off&#8220; _builder_version=&#8220;4.16&#8243; _module_preset=&#8220;default&#8220; body_font=&#8220;Montserrat||||||||&#8220; body_font_size=&#8220;13px&#8220; height=&#8220;40px&#8220; global_colors_info=&#8220;{}&#8220;][\/et_pb_sidebar][\/et_pb_column][\/et_pb_row][\/et_pb_section][et_pb_section fb_built=&#8220;1&#8243; _builder_version=&#8220;4.16&#8243; _module_preset=&#8220;default&#8220; custom_margin=&#8220;|||80px|false|false&#8220; custom_padding=&#8220;0px||0px||false|false&#8220; global_colors_info=&#8220;{}&#8220;][et_pb_row _builder_version=&#8220;4.16&#8243; _module_preset=&#8220;default&#8220; custom_padding=&#8220;55px||28px|||&#8220; global_colors_info=&#8220;{}&#8220;][et_pb_column type=&#8220;4_4&#8243; _builder_version=&#8220;4.16&#8243; _module_preset=&#8220;default&#8220; global_colors_info=&#8220;{}&#8220;][et_pb_text _builder_version=&#8220;4.16&#8243; _module_preset=&#8220;default&#8220; text_font=&#8220;Montserrat||||||||&#8220; text_text_color=&#8220;#000000&#8243; text_font_size=&#8220;20px&#8220; header_font=&#8220;Montserrat|700|||||||&#8220; header_text_color=&#8220;#c12020&#8243; header_font_size=&#8220;35px&#8220; custom_margin=&#8220;-6px||-6px|||&#8220; global_colors_info=&#8220;{}&#8220;]<\/p>\n<h1>Apotheker (m\/w\/d)<\/h1>\n<p>[\/et_pb_text][\/et_pb_column][\/et_pb_row][\/et_pb_section][et_pb_section fb_built=&#8220;1&#8243; _builder_version=&#8220;4.16&#8243; _module_preset=&#8220;default&#8220; custom_margin=&#8220;|||80px|false|false&#8220; custom_padding=&#8220;0px||||false|false&#8220; global_colors_info=&#8220;{}&#8220;][et_pb_row _builder_version=&#8220;4.16&#8243; _module_preset=&#8220;default&#8220; custom_padding=&#8220;0px||0px||false|false&#8220; global_colors_info=&#8220;{}&#8220;][et_pb_column type=&#8220;4_4&#8243; _builder_version=&#8220;4.16&#8243; _module_preset=&#8220;default&#8220; global_colors_info=&#8220;{}&#8220;][et_pb_divider color=&#8220;#c6c6c6&#8243; _builder_version=&#8220;4.16&#8243; _module_preset=&#8220;default&#8220; global_colors_info=&#8220;{}&#8220;][\/et_pb_divider][et_pb_text _builder_version=&#8220;4.16&#8243; _module_preset=&#8220;default&#8220; text_font=&#8220;Montserrat|300|||||||&#8220; text_text_color=&#8220;#000000&#8243; text_font_size=&#8220;17px&#8220; header_text_color=&#8220;#000000&#8243; header_2_font=&#8220;Montserrat|700|||||||&#8220; header_2_text_color=&#8220;#000000&#8243; header_2_font_size=&#8220;25px&#8220; header_2_line_height=&#8220;1.4em&#8220; header_3_font=&#8220;Montserrat|700|||||||&#8220; header_3_text_color=&#8220;#000000&#8243; header_3_font_size=&#8220;17px&#8220; max_width=&#8220;1200px&#8220; min_height=&#8220;107px&#8220; custom_margin=&#8220;-3px|||||&#8220; global_colors_info=&#8220;{}&#8220;]<\/p>\n<h2>Job-Beschreibung<\/h2>\n<p><strong>Unternehmen:<\/strong> <span style=\"color: #c12020;\"><strong>Apotheke am Sandberg<\/strong><\/span><br \/><strong>Standort:<\/strong> <span style=\"color: #c12020;\"><strong>08112 Wilkau-Ha\u00dflau<\/strong><\/span><br \/><strong>Art der Anstellung:<\/strong> unbefristet<br \/><strong>Jobtyp:<\/strong> Vollzeit<br \/><strong>Erfahrungsniveau:<\/strong> n.a.<\/p>\n<p>&nbsp;<\/p>\n<p>Sie wollen die Gesundheitsversorgung der Apotheke vor Ort mitgestalten? Sie m\u00f6chten \u00fcber Ihre eigene Komfortzone hinauswachsen und sich beruflich und pers\u00f6nlich weiterentwickeln? Dann werden Sie Teil unseres Teams, um unser Ziel gemeinsam voranzutreiben. Wir setzen auf Menschen, die ihre Energie und Leidenschaft diesem Ziel widmen und bieten Ihnen ein flexibles und dynamisches Umfeld voller Gelegenheiten.<\/p>\n<p>&nbsp;<\/p>\n<p><strong><\/strong><\/p>\n<p><strong>Ihre Aufgaben und Verantwortlichkeiten<\/strong><\/p>\n<ul>\n<li>Eigenverantwortliche Koordination des Tagesablaufes<\/li>\n<li>Ansprechpartner und Motivator f\u00fcr das gesamte Team<\/li>\n<li>Prozessoptimierung und Identifikation neuer Gesch\u00e4ftsfelder und Trends<\/li>\n<li>\u00dcbernahme von Notdiensten<\/li>\n<li>Umfassende Beratung und Versorgung unserer Kunden zu allen Arznei- und Hilfsmitteln<\/li>\n<\/ul>\n<p>&nbsp;<\/p>\n<p><strong>Ihre Qualifikation und Erfahrung<\/strong><\/p>\n<ul>\n<li>Approbation als Apotheker (m\/w\/d)<\/li>\n<li>min. 2 Jahre Berufserfahrung im T\u00e4tigkeitsfeld einer \u00f6ffentlichen Apotheke<\/li>\n<li>kundenorientiertes, selbstst\u00e4ndiges und zuverl\u00e4ssiges Arbeiten<\/li>\n<\/ul>\n<p>&nbsp;<\/p>\n<p><strong>Ihr Profil und Ihre F\u00e4higkeiten<\/strong><\/p>\n<ul>\n<li>Sie sind technikaffin und Themen der Digitalisierung bereiten Ihnen Spa\u00df<\/li>\n<li>Sie sind neugierig und Neuem gegen\u00fcber aufgeschlossen<\/li>\n<li>Sie k\u00f6nnen sich selbst und Ihr Team begeistern<\/li>\n<li>Sie k\u00f6nnen Meetings auch online abhalten<\/li>\n<li>Sie sehen es als Ihre Berufung, sich den schnell \u00e4ndernden Herausforderungen zu stellen, seien es Masken, Impfstoffe oder Antigen-Tests<\/li>\n<li>Sie behalten auch bei schwierigen Kunden einen k\u00fchlen Kopf<\/li>\n<li>Sie verf\u00fcgen \u00fcber verhandlungssichere Deutsch- und Englischkenntnisse<\/li>\n<li>Sie setzen sich mit Elan und Begeisterung f\u00fcr den Erfolg der Apotheke ein<\/li>\n<\/ul>\n<p><strong><\/strong><\/p>\n<p><strong><\/strong><\/p>\n<p><strong><\/strong><\/p>\n<p><strong>Unser Team:<br \/><\/strong>Wir sind ein Team von derzeit 31 Personen, verteilt \u00fcber 3 Apotheken aber dennoch eng verbunden. Sie k\u00f6nnen sich bei uns in allen Bereichen entfalten, Kreativit\u00e4t ausleben und aktiv die Ausrichtung der Apotheke mitgestalten. Daf\u00fcr stehen wir Ihnen zur Seite und f\u00f6rdern Sie mit Weiterbildungen.<\/p>\n<p>&nbsp;<\/p>\n<p><strong>Unsere Kultur:<br \/><\/strong>Wir sch\u00e4tzen verschiedene Blickwinkel, offene Diskussionen und den Willen, Bestehendes in Frage zu stellen. Stetiger Wandel geh\u00f6rt zu unserem Arbeitsalltag. Wir wollen in unserer Branche Ver\u00e4nderungen vorantreiben, und nicht nur hinterherlaufen. Jeder hat bei uns die Chance sich neuen Herausforderungen zu stellen und eigene Ideen auszutesten und Erfolge zu feiern. Wir legen Wert auf Chancengleichheit und freuen uns \u00fcber Bewerbungen von Menschen mit Behinderung.<\/p>\n<p>&nbsp;<\/p>\n<p>Sie m\u00f6chten mehr erfahren? Sprechen Sie uns an: <a href=\"mailto:office@apotheke-am-borberg.de\">office@apotheke-am-borberg.de<\/a><br \/>Wir nehmen den Schutz Ihrer Daten und die Einhaltung der DSGVO und anderer Datenschutzgesetze sehr ernst. Deshalb bitten wir Sie, bevor Sie uns Ihren Lebenslauf senden, sich \u00fcber unsere Datenschutzrichtlinien zu informieren: <a href=\"https:\/\/www.apotheke-am-borberg.de\/index.php\/datenschutz\/\" title=\"Datenschutz\">DATENSCHUTZ<\/a><\/p>\n<p>Mit dem Versand Ihrer E-Mail an uns, akzeptieren Sie die Datenschutzerkl\u00e4rung und die darin enthalten Bedingungen sowie die Speicherung Ihrer Daten f\u00fcr den Zeitraum der Bewerbungsphase. Nat\u00fcrlich k\u00f6nnen Sie jederzeit die L\u00f6schung Ihrer Daten, auch w\u00e4hrend der Bewerbungsphase, beantragen.<\/p>\n<p>[\/et_pb_text][\/et_pb_column][\/et_pb_row][\/et_pb_section][et_pb_section fb_built=&#8220;1&#8243; _builder_version=&#8220;4.7.7&#8243; _module_preset=&#8220;default&#8220; background_color=&#8220;#f4f4f4&#8243; custom_padding=&#8220;39px||90px||false|false&#8220; global_module=&#8220;198&#8243; saved_tabs=&#8220;all&#8220; global_colors_info=&#8220;{}&#8220;][et_pb_row _builder_version=&#8220;4.16&#8243; _module_preset=&#8220;default&#8220; custom_padding=&#8220;||0px|||&#8220; global_colors_info=&#8220;{}&#8220;][et_pb_column type=&#8220;4_4&#8243; _builder_version=&#8220;4.16&#8243; _module_preset=&#8220;default&#8220; global_colors_info=&#8220;{}&#8220;][et_pb_text _builder_version=&#8220;4.19.0&#8243; _module_preset=&#8220;default&#8220; text_font=&#8220;Montserrat_local_mk|500|||||||&#8220; text_font_size=&#8220;26px&#8220; text_line_height=&#8220;2.2em&#8220; header_font=&#8220;Montserrat_local_mk|600|||||||&#8220; header_text_color=&#8220;#c12020&#8243; header_line_height=&#8220;1.3em&#8220; header_2_font=&#8220;Montserrat_local_mk|700|||||||&#8220; header_2_text_color=&#8220;#c12020&#8243; header_2_font_size=&#8220;31px&#8220; header_2_line_height=&#8220;1.8em&#8220; global_colors_info=&#8220;{}&#8220;]<\/p>\n<h2>Kontakt<\/h2>\n<p>Adressen<\/p>\n<p>[\/et_pb_text][\/et_pb_column][\/et_pb_row][et_pb_row _builder_version=&#8220;4.24.2&#8243; _module_preset=&#8220;default&#8220; global_colors_info=&#8220;{}&#8220;][et_pb_column type=&#8220;4_4&#8243; _builder_version=&#8220;4.24.2&#8243; _module_preset=&#8220;default&#8220; global_colors_info=&#8220;{}&#8220;][et_pb_image src=&#8220;https:\/\/www.sindy-krause-apotheken.de\/wp-content\/uploads\/2021\/01\/logo_sindy_krause_apotheken.png&#8220; alt=&#8220;Logo Sindy Krause &#8211; Apotheken&#8220; title_text=&#8220;logo_sindy_krause_apotheken&#8220; _builder_version=&#8220;4.24.2&#8243; _module_preset=&#8220;default&#8220; global_colors_info=&#8220;{}&#8220;][\/et_pb_image][et_pb_text _builder_version=&#8220;4.24.2&#8243; _module_preset=&#8220;default&#8220; text_font=&#8220;Montserrat_local_mk|300|||||||&#8220; text_font_size=&#8220;16px&#8220; text_line_height=&#8220;1.5em&#8220; quote_font=&#8220;Montserrat||||||||&#8220; header_font=&#8220;Montserrat_local_mk|700|||||||&#8220; header_text_color=&#8220;#c12020&#8243; header_font_size=&#8220;18px&#8220; header_2_font=&#8220;Montserrat_local_mk|700|||||||&#8220; header_2_text_color=&#8220;#666666&#8243; header_2_font_size=&#8220;15px&#8220; header_2_line_height=&#8220;1.6em&#8220; header_3_font=&#8220;Montserrat_local_mk|700|||||||&#8220; header_3_text_color=&#8220;#666666&#8243; header_3_font_size=&#8220;17px&#8220; header_3_line_height=&#8220;0.6em&#8220; header_4_font=&#8220;Montserrat_local_mk|300|||||||&#8220; header_4_font_size=&#8220;14px&#8220; header_4_line_height=&#8220;0.8em&#8220; global_colors_info=&#8220;{}&#8220;]<\/p>\n<h1>Sindy Krause &#8211; Apotheken<\/h1>\n<h2>Zu uns geh\u00f6ren folgende Apotheken:<\/h2>\n<p>[\/et_pb_text][\/et_pb_column][\/et_pb_row][et_pb_row column_structure=&#8220;1_4,1_4,1_4,1_4&#8243; _builder_version=&#8220;4.16&#8243; _module_preset=&#8220;default&#8220; custom_padding=&#8220;18px|||||&#8220; global_colors_info=&#8220;{}&#8220;][et_pb_column type=&#8220;1_4&#8243; _builder_version=&#8220;4.16&#8243; _module_preset=&#8220;default&#8220; global_colors_info=&#8220;{}&#8220;][et_pb_divider color=&#8220;rgba(0,0,0,0.24)&#8220; _builder_version=&#8220;4.16&#8243; _module_preset=&#8220;default&#8220; custom_margin=&#8220;||30px|||&#8220; global_colors_info=&#8220;{}&#8220;][\/et_pb_divider][et_pb_image src=&#8220;https:\/\/www.sindy-krause-apotheken.de\/wp-content\/uploads\/2021\/01\/logo_borberg.png&#8220; alt=&#8220;Logo Apotheke am Borberg&#8220; title_text=&#8220;logo_borberg&#8220; align=&#8220;center&#8220; _builder_version=&#8220;4.24.3&#8243; _module_preset=&#8220;default&#8220; module_alignment=&#8220;center&#8220; min_height=&#8220;107px&#8220; global_colors_info=&#8220;{}&#8220;][\/et_pb_image][et_pb_divider color=&#8220;rgba(0,0,0,0.24)&#8220; _builder_version=&#8220;4.16&#8243; _module_preset=&#8220;default&#8220; global_colors_info=&#8220;{}&#8220;][\/et_pb_divider][et_pb_text _builder_version=&#8220;4.24.3&#8243; _module_preset=&#8220;default&#8220; text_font=&#8220;Montserrat_local_mk|300|||||||&#8220; text_font_size=&#8220;16px&#8220; text_line_height=&#8220;1.5em&#8220; quote_font=&#8220;Montserrat||||||||&#8220; header_font=&#8220;Montserrat_local_mk|700|||||||&#8220; header_text_color=&#8220;#c12020&#8243; header_font_size=&#8220;18px&#8220; header_2_font=&#8220;Montserrat_local_mk|700|||||||&#8220; header_2_text_color=&#8220;#666666&#8243; header_2_font_size=&#8220;15px&#8220; header_2_line_height=&#8220;1.6em&#8220; header_3_font=&#8220;Montserrat_local_mk|700|||||||&#8220; header_3_text_color=&#8220;#666666&#8243; header_3_font_size=&#8220;17px&#8220; header_3_line_height=&#8220;0.6em&#8220; header_4_font=&#8220;Montserrat_local_mk|300|||||||&#8220; header_4_font_size=&#8220;14px&#8220; global_colors_info=&#8220;{}&#8220;]<\/p>\n<h1>Apotheke am Borberg<\/h1>\n<p>Borbergweg 1<br \/>08107 Kirchberg (Sachsen)<\/p>\n<p>&nbsp;<\/p>\n<h3>T: 037602 71 56<\/h3>\n<h4>(innerhalb der \u00d6ffnungszeiten)<\/h4>\n<h2>F: 037602 71 80<br \/>H: 0800 88 05 505<br \/>M: team@apotheke-am-borberg.de<\/h2>\n<p>[\/et_pb_text][\/et_pb_column][et_pb_column type=&#8220;1_4&#8243; _builder_version=&#8220;4.16&#8243; _module_preset=&#8220;default&#8220; global_colors_info=&#8220;{}&#8220;][et_pb_divider color=&#8220;rgba(0,0,0,0.24)&#8220; _builder_version=&#8220;4.16&#8243; _module_preset=&#8220;default&#8220; custom_margin=&#8220;||28px|||&#8220; global_colors_info=&#8220;{}&#8220;][\/et_pb_divider][et_pb_image src=&#8220;https:\/\/www.sindy-krause-apotheken.de\/wp-content\/uploads\/2021\/01\/logo_sandberg.png&#8220; alt=&#8220;Logo Apotheke am Sandberg&#8220; title_text=&#8220;logo_sandberg&#8220; align=&#8220;center&#8220; _builder_version=&#8220;4.24.3&#8243; _module_preset=&#8220;default&#8220; module_alignment=&#8220;center&#8220; min_height=&#8220;107px&#8220; global_colors_info=&#8220;{}&#8220;][\/et_pb_image][et_pb_divider color=&#8220;rgba(0,0,0,0.24)&#8220; _builder_version=&#8220;4.16&#8243; _module_preset=&#8220;default&#8220; global_colors_info=&#8220;{}&#8220;][\/et_pb_divider][et_pb_text _builder_version=&#8220;4.24.3&#8243; _module_preset=&#8220;default&#8220; text_font=&#8220;Montserrat_local_mk|300|||||||&#8220; text_font_size=&#8220;16px&#8220; text_line_height=&#8220;1.5em&#8220; quote_font=&#8220;Montserrat||||||||&#8220; header_font=&#8220;Montserrat_local_mk|700|||||||&#8220; header_text_color=&#8220;#169279&#8243; header_font_size=&#8220;18px&#8220; header_2_font=&#8220;Montserrat_local_mk|700|||||||&#8220; header_2_text_color=&#8220;#666666&#8243; header_2_font_size=&#8220;15px&#8220; header_2_line_height=&#8220;1.6em&#8220; header_3_font=&#8220;Montserrat_local_mk|700|||||||&#8220; header_3_text_color=&#8220;#666666&#8243; header_3_font_size=&#8220;17px&#8220; header_3_line_height=&#8220;0.6em&#8220; header_4_font=&#8220;Montserrat_local_mk|300|||||||&#8220; header_4_font_size=&#8220;14px&#8220; global_colors_info=&#8220;{}&#8220;]<\/p>\n<h1>Apotheke am Sandberg<\/h1>\n<p>Gewerbering 6<br \/>08112 Wilkau-Ha\u00dflau<\/p>\n<p>&nbsp;<\/p>\n<h3>T: 0375 61 555<\/h3>\n<h4>(innerhalb der \u00d6ffnungszeiten)<\/h4>\n<h2>F: 0375 69 24 447<br \/>H: 0800 72 63 237<br \/>M: team@apotheke-am-sandberg.de<\/h2>\n<p>[\/et_pb_text][\/et_pb_column][et_pb_column type=&#8220;1_4&#8243; _builder_version=&#8220;4.16&#8243; _module_preset=&#8220;default&#8220; global_colors_info=&#8220;{}&#8220;][\/et_pb_column][et_pb_column type=&#8220;1_4&#8243; _builder_version=&#8220;4.16&#8243; _module_preset=&#8220;default&#8220; global_colors_info=&#8220;{}&#8220;][\/et_pb_column][\/et_pb_row][\/et_pb_section]<\/p>\n","protected":false},"excerpt":{"rendered":"<p>Apotheker (m\/w\/d)Job-Beschreibung Unternehmen: Apotheke am SandbergStandort: 08112 Wilkau-Ha\u00dflauArt der Anstellung: unbefristetJobtyp: VollzeitErfahrungsniveau: n.a. &nbsp; Sie wollen die Gesundheitsversorgung der Apotheke vor Ort mitgestalten? Sie m\u00f6chten \u00fcber Ihre eigene Komfortzone hinauswachsen und sich beruflich und pers\u00f6nlich weiterentwickeln? Dann werden Sie Teil unseres Teams, um unser Ziel gemeinsam voranzutreiben. Wir setzen auf Menschen, die ihre Energie und [&hellip;]<\/p>\n","protected":false},"author":1,"featured_media":0,"parent":44,"menu_order":0,"comment_status":"closed","ping_status":"closed","template":"","meta":{"_et_pb_use_builder":"on","_et_pb_old_content":"","_et_gb_content_width":"","footnotes":""},"class_list":["post-840","page","type-page","status-publish","hentry"],"yoast_head":"<!-- This site is optimized with the Yoast SEO plugin v24.4 - https:\/\/yoast.com\/wordpress\/plugins\/seo\/ -->\n<title>JOB-ID: 012017 - Sindy Krause - Apotheken<\/title>\n<meta name=\"robots\" content=\"index, follow, max-snippet:-1, max-image-preview:large, max-video-preview:-1\" \/>\n<link rel=\"canonical\" href=\"https:\/\/www.sindy-krause-apotheken.de\/index.php\/karriere\/012017-2\/\" \/>\n<meta property=\"og:locale\" content=\"de_DE\" \/>\n<meta property=\"og:type\" content=\"article\" \/>\n<meta property=\"og:title\" content=\"JOB-ID: 012017 - Sindy Krause - Apotheken\" \/>\n<meta property=\"og:description\" content=\"Apotheker (m\/w\/d)Job-Beschreibung Unternehmen: Apotheke am SandbergStandort: 08112 Wilkau-Ha\u00dflauArt der Anstellung: unbefristetJobtyp: VollzeitErfahrungsniveau: n.a. &nbsp; Sie wollen die Gesundheitsversorgung der Apotheke vor Ort mitgestalten? Sie m\u00f6chten \u00fcber Ihre eigene Komfortzone hinauswachsen und sich beruflich und pers\u00f6nlich weiterentwickeln? Dann werden Sie Teil unseres Teams, um unser Ziel gemeinsam voranzutreiben. Wir setzen auf Menschen, die ihre Energie und [&hellip;]\" \/>\n<meta property=\"og:url\" content=\"https:\/\/www.sindy-krause-apotheken.de\/index.php\/karriere\/012017-2\/\" \/>\n<meta property=\"og:site_name\" content=\"Sindy Krause - Apotheken\" \/>\n<meta property=\"article:modified_time\" content=\"2025-02-16T09:00:00+00:00\" \/>\n<meta name=\"twitter:card\" content=\"summary_large_image\" \/>\n<meta name=\"twitter:label1\" content=\"Gesch\u00e4tzte Lesezeit\" \/>\n\t<meta name=\"twitter:data1\" content=\"8\u00a0Minuten\" \/>\n<script type=\"application\/ld+json\" class=\"yoast-schema-graph\">{\"@context\":\"https:\/\/schema.org\",\"@graph\":[{\"@type\":\"WebPage\",\"@id\":\"https:\/\/www.sindy-krause-apotheken.de\/index.php\/karriere\/012017-2\/\",\"url\":\"https:\/\/www.sindy-krause-apotheken.de\/index.php\/karriere\/012017-2\/\",\"name\":\"JOB-ID: 012017 - Sindy Krause - Apotheken\",\"isPartOf\":{\"@id\":\"https:\/\/www.sindy-krause-apotheken.de\/#website\"},\"datePublished\":\"2022-05-20T19:00:20+00:00\",\"dateModified\":\"2025-02-16T09:00:00+00:00\",\"breadcrumb\":{\"@id\":\"https:\/\/www.sindy-krause-apotheken.de\/index.php\/karriere\/012017-2\/#breadcrumb\"},\"inLanguage\":\"de\",\"potentialAction\":[{\"@type\":\"ReadAction\",\"target\":[\"https:\/\/www.sindy-krause-apotheken.de\/index.php\/karriere\/012017-2\/\"]}]},{\"@type\":\"BreadcrumbList\",\"@id\":\"https:\/\/www.sindy-krause-apotheken.de\/index.php\/karriere\/012017-2\/#breadcrumb\",\"itemListElement\":[{\"@type\":\"ListItem\",\"position\":1,\"name\":\"Startseite\",\"item\":\"https:\/\/www.sindy-krause-apotheken.de\/\"},{\"@type\":\"ListItem\",\"position\":2,\"name\":\"Karriere\",\"item\":\"https:\/\/www.sindy-krause-apotheken.de\/index.php\/karriere\/\"},{\"@type\":\"ListItem\",\"position\":3,\"name\":\"JOB-ID: 012017\"}]},{\"@type\":\"WebSite\",\"@id\":\"https:\/\/www.sindy-krause-apotheken.de\/#website\",\"url\":\"https:\/\/www.sindy-krause-apotheken.de\/\",\"name\":\"Sindy Krause - Apotheken\",\"description\":\"Mehr als nur Apotheke!\",\"publisher\":{\"@id\":\"https:\/\/www.sindy-krause-apotheken.de\/#organization\"},\"potentialAction\":[{\"@type\":\"SearchAction\",\"target\":{\"@type\":\"EntryPoint\",\"urlTemplate\":\"https:\/\/www.sindy-krause-apotheken.de\/?s={search_term_string}\"},\"query-input\":{\"@type\":\"PropertyValueSpecification\",\"valueRequired\":true,\"valueName\":\"search_term_string\"}}],\"inLanguage\":\"de\"},{\"@type\":\"Organization\",\"@id\":\"https:\/\/www.sindy-krause-apotheken.de\/#organization\",\"name\":\"Sindy Krause - Apotheken\",\"url\":\"https:\/\/www.sindy-krause-apotheken.de\/\",\"logo\":{\"@type\":\"ImageObject\",\"inLanguage\":\"de\",\"@id\":\"https:\/\/www.sindy-krause-apotheken.de\/#\/schema\/logo\/image\/\",\"url\":\"https:\/\/www.sindy-krause-apotheken.de\/wp-content\/uploads\/2021\/01\/logo_sindy_krause_apotheken.png\",\"contentUrl\":\"https:\/\/www.sindy-krause-apotheken.de\/wp-content\/uploads\/2021\/01\/logo_sindy_krause_apotheken.png\",\"width\":257,\"height\":107,\"caption\":\"Sindy Krause - Apotheken\"},\"image\":{\"@id\":\"https:\/\/www.sindy-krause-apotheken.de\/#\/schema\/logo\/image\/\"}}]}<\/script>\n<!-- \/ Yoast SEO plugin. -->","yoast_head_json":{"title":"JOB-ID: 012017 - Sindy Krause - Apotheken","robots":{"index":"index","follow":"follow","max-snippet":"max-snippet:-1","max-image-preview":"max-image-preview:large","max-video-preview":"max-video-preview:-1"},"canonical":"https:\/\/www.sindy-krause-apotheken.de\/index.php\/karriere\/012017-2\/","og_locale":"de_DE","og_type":"article","og_title":"JOB-ID: 012017 - Sindy Krause - Apotheken","og_description":"Apotheker (m\/w\/d)Job-Beschreibung Unternehmen: Apotheke am SandbergStandort: 08112 Wilkau-Ha\u00dflauArt der Anstellung: unbefristetJobtyp: VollzeitErfahrungsniveau: n.a. &nbsp; Sie wollen die Gesundheitsversorgung der Apotheke vor Ort mitgestalten? Sie m\u00f6chten \u00fcber Ihre eigene Komfortzone hinauswachsen und sich beruflich und pers\u00f6nlich weiterentwickeln? Dann werden Sie Teil unseres Teams, um unser Ziel gemeinsam voranzutreiben. Wir setzen auf Menschen, die ihre Energie und [&hellip;]","og_url":"https:\/\/www.sindy-krause-apotheken.de\/index.php\/karriere\/012017-2\/","og_site_name":"Sindy Krause - Apotheken","article_modified_time":"2025-02-16T09:00:00+00:00","twitter_card":"summary_large_image","twitter_misc":{"Gesch\u00e4tzte Lesezeit":"8\u00a0Minuten"},"schema":{"@context":"https:\/\/schema.org","@graph":[{"@type":"WebPage","@id":"https:\/\/www.sindy-krause-apotheken.de\/index.php\/karriere\/012017-2\/","url":"https:\/\/www.sindy-krause-apotheken.de\/index.php\/karriere\/012017-2\/","name":"JOB-ID: 012017 - Sindy Krause - Apotheken","isPartOf":{"@id":"https:\/\/www.sindy-krause-apotheken.de\/#website"},"datePublished":"2022-05-20T19:00:20+00:00","dateModified":"2025-02-16T09:00:00+00:00","breadcrumb":{"@id":"https:\/\/www.sindy-krause-apotheken.de\/index.php\/karriere\/012017-2\/#breadcrumb"},"inLanguage":"de","potentialAction":[{"@type":"ReadAction","target":["https:\/\/www.sindy-krause-apotheken.de\/index.php\/karriere\/012017-2\/"]}]},{"@type":"BreadcrumbList","@id":"https:\/\/www.sindy-krause-apotheken.de\/index.php\/karriere\/012017-2\/#breadcrumb","itemListElement":[{"@type":"ListItem","position":1,"name":"Startseite","item":"https:\/\/www.sindy-krause-apotheken.de\/"},{"@type":"ListItem","position":2,"name":"Karriere","item":"https:\/\/www.sindy-krause-apotheken.de\/index.php\/karriere\/"},{"@type":"ListItem","position":3,"name":"JOB-ID: 012017"}]},{"@type":"WebSite","@id":"https:\/\/www.sindy-krause-apotheken.de\/#website","url":"https:\/\/www.sindy-krause-apotheken.de\/","name":"Sindy Krause - Apotheken","description":"Mehr als nur Apotheke!","publisher":{"@id":"https:\/\/www.sindy-krause-apotheken.de\/#organization"},"potentialAction":[{"@type":"SearchAction","target":{"@type":"EntryPoint","urlTemplate":"https:\/\/www.sindy-krause-apotheken.de\/?s={search_term_string}"},"query-input":{"@type":"PropertyValueSpecification","valueRequired":true,"valueName":"search_term_string"}}],"inLanguage":"de"},{"@type":"Organization","@id":"https:\/\/www.sindy-krause-apotheken.de\/#organization","name":"Sindy Krause - Apotheken","url":"https:\/\/www.sindy-krause-apotheken.de\/","logo":{"@type":"ImageObject","inLanguage":"de","@id":"https:\/\/www.sindy-krause-apotheken.de\/#\/schema\/logo\/image\/","url":"https:\/\/www.sindy-krause-apotheken.de\/wp-content\/uploads\/2021\/01\/logo_sindy_krause_apotheken.png","contentUrl":"https:\/\/www.sindy-krause-apotheken.de\/wp-content\/uploads\/2021\/01\/logo_sindy_krause_apotheken.png","width":257,"height":107,"caption":"Sindy Krause - Apotheken"},"image":{"@id":"https:\/\/www.sindy-krause-apotheken.de\/#\/schema\/logo\/image\/"}}]}},"_links":{"self":[{"href":"https:\/\/www.sindy-krause-apotheken.de\/index.php\/wp-json\/wp\/v2\/pages\/840","targetHints":{"allow":["GET"]}}],"collection":[{"href":"https:\/\/www.sindy-krause-apotheken.de\/index.php\/wp-json\/wp\/v2\/pages"}],"about":[{"href":"https:\/\/www.sindy-krause-apotheken.de\/index.php\/wp-json\/wp\/v2\/types\/page"}],"author":[{"embeddable":true,"href":"https:\/\/www.sindy-krause-apotheken.de\/index.php\/wp-json\/wp\/v2\/users\/1"}],"replies":[{"embeddable":true,"href":"https:\/\/www.sindy-krause-apotheken.de\/index.php\/wp-json\/wp\/v2\/comments?post=840"}],"version-history":[{"count":4,"href":"https:\/\/www.sindy-krause-apotheken.de\/index.php\/wp-json\/wp\/v2\/pages\/840\/revisions"}],"predecessor-version":[{"id":2801,"href":"https:\/\/www.sindy-krause-apotheken.de\/index.php\/wp-json\/wp\/v2\/pages\/840\/revisions\/2801"}],"up":[{"embeddable":true,"href":"https:\/\/www.sindy-krause-apotheken.de\/index.php\/wp-json\/wp\/v2\/pages\/44"}],"wp:attachment":[{"href":"https:\/\/www.sindy-krause-apotheken.de\/index.php\/wp-json\/wp\/v2\/media?parent=840"}],"curies":[{"name":"wp","href":"https:\/\/api.w.org\/{rel}","templated":true}]}}