{"id":7,"date":"2020-12-23T18:03:07","date_gmt":"2020-12-23T18:03:07","guid":{"rendered":"https:\/\/www.sindy-krause-apotheken.de\/?page_id=7"},"modified":"2021-01-02T16:33:57","modified_gmt":"2021-01-02T16:33:57","slug":"apotheke-am-borberg","status":"publish","type":"page","link":"https:\/\/www.sindy-krause-apotheken.de\/index.php\/apotheke-am-borberg\/","title":{"rendered":"Apotheke am Borberg"},"content":{"rendered":"<p>[et_pb_section fb_built=&#8220;1&#8243; fullwidth=&#8220;on&#8220; _builder_version=&#8220;4.7.4&#8243; _module_preset=&#8220;default&#8220; global_module=&#8220;181&#8243;][et_pb_fullwidth_menu menu_id=&#8220;5&#8243; _builder_version=&#8220;4.7.4&#8243; _module_preset=&#8220;default&#8220; menu_font=&#8220;Montserrat|600|||||||&#8220; menu_font_size=&#8220;15px&#8220; background_color=&#8220;#f4f4f4&#8243; height=&#8220;60px&#8220; custom_margin=&#8220;-18px||||false|false&#8220; custom_padding=&#8220;0px||0px||false|false&#8220;][\/et_pb_fullwidth_menu][\/et_pb_section][et_pb_section fb_built=&#8220;1&#8243; _builder_version=&#8220;4.7.7&#8243; _module_preset=&#8220;default&#8220; custom_padding=&#8220;0px||0px||false|false&#8220;][et_pb_row _builder_version=&#8220;4.7.7&#8243; _module_preset=&#8220;default&#8220; height=&#8220;60px&#8220; custom_padding=&#8220;||0px||false|false&#8220;][et_pb_column type=&#8220;4_4&#8243; _builder_version=&#8220;4.7.7&#8243; _module_preset=&#8220;default&#8220;][et_pb_sidebar area=&#8220;et_pb_widget_area_1&#8243; show_border=&#8220;off&#8220; _builder_version=&#8220;4.7.7&#8243; _module_preset=&#8220;default&#8220; body_font=&#8220;Montserrat||||||||&#8220; body_font_size=&#8220;13px&#8220; height=&#8220;40px&#8220;][\/et_pb_sidebar][\/et_pb_column][\/et_pb_row][\/et_pb_section][et_pb_section fb_built=&#8220;1&#8243; _builder_version=&#8220;4.7.7&#8243; _module_preset=&#8220;default&#8220; custom_margin=&#8220;|||80px|false|false&#8220; custom_padding=&#8220;0px||0px||false|false&#8220;][et_pb_row _builder_version=&#8220;4.7.7&#8243; _module_preset=&#8220;default&#8220; custom_padding=&#8220;55px||28px|||&#8220;][et_pb_column type=&#8220;4_4&#8243; _builder_version=&#8220;4.7.7&#8243; _module_preset=&#8220;default&#8220;][et_pb_text _builder_version=&#8220;4.7.7&#8243; _module_preset=&#8220;default&#8220; text_font=&#8220;Montserrat||||||||&#8220; text_text_color=&#8220;#000000&#8243; text_font_size=&#8220;20px&#8220; header_font=&#8220;Montserrat|700|||||||&#8220; header_text_color=&#8220;#c12020&#8243; header_font_size=&#8220;35px&#8220; custom_margin=&#8220;-6px||-6px|||&#8220; hover_enabled=&#8220;0&#8243; sticky_enabled=&#8220;0&#8243;]<\/p>\n<h1>Apotheke am Borberg<\/h1>\n<p>[\/et_pb_text][\/et_pb_column][\/et_pb_row][\/et_pb_section][et_pb_section fb_built=&#8220;1&#8243; _builder_version=&#8220;4.7.7&#8243; _module_preset=&#8220;default&#8220; custom_margin=&#8220;|||80px|false|false&#8220; custom_padding=&#8220;0px||||false|false&#8220;][et_pb_row _builder_version=&#8220;4.7.7&#8243; _module_preset=&#8220;default&#8220; custom_padding=&#8220;0px||0px||false|false&#8220;][et_pb_column type=&#8220;4_4&#8243; _builder_version=&#8220;4.7.7&#8243; _module_preset=&#8220;default&#8220;][et_pb_divider color=&#8220;#c6c6c6&#8243; _builder_version=&#8220;4.7.7&#8243; _module_preset=&#8220;default&#8220;][\/et_pb_divider][et_pb_text _builder_version=&#8220;4.7.7&#8243; _module_preset=&#8220;default&#8220; text_font=&#8220;Montserrat|300|||||||&#8220; text_text_color=&#8220;#000000&#8243; text_font_size=&#8220;17px&#8220; header_text_color=&#8220;#000000&#8243; header_2_font=&#8220;Montserrat|700|||||||&#8220; header_2_text_color=&#8220;#000000&#8243; header_2_font_size=&#8220;25px&#8220; header_2_line_height=&#8220;1.4em&#8220; header_3_font=&#8220;Montserrat|700|||||||&#8220; header_3_text_color=&#8220;#000000&#8243; header_3_font_size=&#8220;17px&#8220; max_width=&#8220;1200px&#8220; min_height=&#8220;107px&#8220; custom_margin=&#8220;-3px|||||&#8220;]<\/p>\n<h2>&#8222;Die Kirchberger&#8220;<\/h2>\n<p>Als eine kleine, aber feine Apotheke <span jsslot=\"\"><span>im S\u00fcden des Landkreises Zwickau am Westrand des Erzgebirges, 1994 gegr\u00fcndete Apotheke haben wir uns seit der \u00dcbernahme im April 2011 durch<\/span><\/span> Apothekerin Frau Sindy Krause e.K., zu einer anerkannten Einrichtung f\u00fcr Gesundheit entwickelt. Die Zufriedenheit unserer Kunden steht bei uns an erster Stelle.<\/p>\n<p>Um Sie in allen Fragen zum Thema Arzneimittel und Gesundheit beraten und unterst\u00fctzen zu k\u00f6nnen, haben sich unsere Mitarbeiter in viele Richtungen weitergebildet, um Ihnen jeder Zeit kompetent zur Seite stehen zu k\u00f6nnen. Bei der Versorgung mit Hilfsmitteln (Kompressionsstr\u00fcmpfe, Bandagen, &#8230;) und Pflegehilfsmitteln bieten wir speziell ausgebildetes Personal. Auch zu alternativen und hilfreichen Unterst\u00fctzungen zu klassischen schulmedizinischen Arzneimitteln, wie Phytotherapie, Hom\u00f6opathie, Sch\u00fcssler Salze oder Aromatherapie, beraten wir Sie gern.<\/p>\n<p>Wir hoffen Sie bald bei uns begr\u00fc\u00dfen zu d\u00fcrfen. Ihr Team der Apotheke am Borberg.<\/p>\n<p>[\/et_pb_text][\/et_pb_column][\/et_pb_row][\/et_pb_section][et_pb_section fb_built=&#8220;1&#8243; _builder_version=&#8220;4.7.7&#8243; _module_preset=&#8220;default&#8220; background_color=&#8220;#f4f4f4&#8243; custom_padding=&#8220;39px||90px||false|false&#8220; global_module=&#8220;198&#8243;][et_pb_row _builder_version=&#8220;4.7.7&#8243; _module_preset=&#8220;default&#8220; custom_padding=&#8220;||0px|||&#8220;][et_pb_column type=&#8220;4_4&#8243; _builder_version=&#8220;4.7.7&#8243; _module_preset=&#8220;default&#8220;][et_pb_text _builder_version=&#8220;4.7.7&#8243; _module_preset=&#8220;default&#8220; text_font=&#8220;Montserrat|500|||||||&#8220; text_font_size=&#8220;26px&#8220; text_line_height=&#8220;2.2em&#8220; header_font=&#8220;Montserrat|600|||||||&#8220; header_text_color=&#8220;#c12020&#8243; header_line_height=&#8220;1.3em&#8220; header_2_font=&#8220;Montserrat|700|||||||&#8220; header_2_text_color=&#8220;#c12020&#8243; header_2_font_size=&#8220;31px&#8220; header_2_line_height=&#8220;1.8em&#8220;]<\/p>\n<h2>Kontakt<\/h2>\n<p>Adressen<\/p>\n<p>[\/et_pb_text][\/et_pb_column][\/et_pb_row][et_pb_row column_structure=&#8220;1_4,1_4,1_4,1_4&#8243; _builder_version=&#8220;4.7.7&#8243; _module_preset=&#8220;default&#8220; custom_padding=&#8220;18px|||||&#8220;][et_pb_column type=&#8220;1_4&#8243; _builder_version=&#8220;4.7.7&#8243; _module_preset=&#8220;default&#8220;][et_pb_divider color=&#8220;rgba(0,0,0,0.24)&#8220; _builder_version=&#8220;4.7.7&#8243; _module_preset=&#8220;default&#8220; custom_margin=&#8220;||30px|||&#8220;][\/et_pb_divider][et_pb_image src=&#8220;https:\/\/www.sindy-krause-apotheken.de\/wp-content\/uploads\/2021\/01\/logo_borberg.png&#8220; alt=&#8220;Logo Apotheke am Borberg&#8220; title_text=&#8220;logo_borberg&#8220; align=&#8220;center&#8220; _builder_version=&#8220;4.7.7&#8243; _module_preset=&#8220;default&#8220; module_alignment=&#8220;center&#8220;][\/et_pb_image][et_pb_divider color=&#8220;rgba(0,0,0,0.24)&#8220; _builder_version=&#8220;4.7.7&#8243; _module_preset=&#8220;default&#8220;][\/et_pb_divider][et_pb_text _builder_version=&#8220;4.7.7&#8243; _module_preset=&#8220;default&#8220; text_font=&#8220;Montserrat|300|||||||&#8220; text_font_size=&#8220;16px&#8220; text_line_height=&#8220;1.5em&#8220; quote_font=&#8220;Montserrat||||||||&#8220; header_font=&#8220;Montserrat|700|||||||&#8220; header_text_color=&#8220;#c12020&#8243; header_font_size=&#8220;18px&#8220; header_2_font=&#8220;Montserrat|700|||||||&#8220; header_2_text_color=&#8220;#666666&#8243; header_2_font_size=&#8220;17px&#8220; header_2_line_height=&#8220;1.6em&#8220; header_3_font=&#8220;Montserrat|700|||||||&#8220; header_3_text_color=&#8220;#666666&#8243; header_3_font_size=&#8220;17px&#8220; header_3_line_height=&#8220;0.6em&#8220; header_4_font=&#8220;Montserrat|300|||||||&#8220; header_4_font_size=&#8220;14px&#8220; header_4_line_height=&#8220;0.8em&#8220;]<\/p>\n<h1>Apotheke am Borberg<\/h1>\n<p>Borbergweg 1<br \/> 08107 Kirchberg (Sachsen)<\/p>\n<p>&nbsp;<\/p>\n<h3>T: 037602 71 56<\/h3>\n<h4>(innerhalb der \u00d6ffnungszeiten)<\/h4>\n<h2>F: 037602 71 80<br \/> H: 0800 88 05 505<br \/> M: team@apotheke-am-borberg.de<\/h2>\n<p>[\/et_pb_text][\/et_pb_column][et_pb_column type=&#8220;1_4&#8243; _builder_version=&#8220;4.7.7&#8243; _module_preset=&#8220;default&#8220;][et_pb_divider color=&#8220;rgba(0,0,0,0.24)&#8220; _builder_version=&#8220;4.7.7&#8243; _module_preset=&#8220;default&#8220; custom_margin=&#8220;||28px|||&#8220;][\/et_pb_divider][et_pb_image src=&#8220;https:\/\/www.sindy-krause-apotheken.de\/wp-content\/uploads\/2021\/01\/logo_sandberg.png&#8220; alt=&#8220;Logo Apotheke am Sandberg&#8220; title_text=&#8220;logo_sandberg&#8220; align=&#8220;center&#8220; _builder_version=&#8220;4.7.7&#8243; _module_preset=&#8220;default&#8220; module_alignment=&#8220;center&#8220;][\/et_pb_image][et_pb_divider color=&#8220;rgba(0,0,0,0.24)&#8220; _builder_version=&#8220;4.7.7&#8243; _module_preset=&#8220;default&#8220;][\/et_pb_divider][et_pb_text _builder_version=&#8220;4.7.7&#8243; _module_preset=&#8220;default&#8220; text_font=&#8220;Montserrat|300|||||||&#8220; text_font_size=&#8220;16px&#8220; text_line_height=&#8220;1.5em&#8220; quote_font=&#8220;Montserrat||||||||&#8220; header_font=&#8220;Montserrat|700|||||||&#8220; header_text_color=&#8220;#169279&#8243; header_font_size=&#8220;18px&#8220; header_2_font=&#8220;Montserrat|700|||||||&#8220; header_2_text_color=&#8220;#666666&#8243; header_2_font_size=&#8220;17px&#8220; header_2_line_height=&#8220;1.6em&#8220; header_3_font=&#8220;Montserrat|700|||||||&#8220; header_3_text_color=&#8220;#666666&#8243; header_3_font_size=&#8220;17px&#8220; header_3_line_height=&#8220;0.6em&#8220; header_4_font=&#8220;Montserrat|300|||||||&#8220; header_4_font_size=&#8220;14px&#8220; header_4_line_height=&#8220;0.8em&#8220;]<\/p>\n<h1>Apotheke am Sandberg<\/h1>\n<p>Gewerbering 6<br \/> 08112 Wilkau-Ha\u00dflau<\/p>\n<p>&nbsp;<\/p>\n<h3>T: 0375 61 555<\/h3>\n<h4>(innerhalb der \u00d6ffnungszeiten)<\/h4>\n<h2>F: 0375 69 24 447<br \/> H: 0800 72 63 237<br \/> M: team@apotheke-am-sandberg.de<\/h2>\n<p>[\/et_pb_text][\/et_pb_column][et_pb_column type=&#8220;1_4&#8243; _builder_version=&#8220;4.7.7&#8243; _module_preset=&#8220;default&#8220;][\/et_pb_column][et_pb_column type=&#8220;1_4&#8243; _builder_version=&#8220;4.7.7&#8243; _module_preset=&#8220;default&#8220;][\/et_pb_column][\/et_pb_row][\/et_pb_section]<\/p>\n","protected":false},"excerpt":{"rendered":"<p>Apotheke am Borberg&#8220;Die Kirchberger&#8220; Als eine kleine, aber feine Apotheke im S\u00fcden des Landkreises Zwickau am Westrand des Erzgebirges, 1994 gegr\u00fcndete Apotheke haben wir uns seit der \u00dcbernahme im April 2011 durch Apothekerin Frau Sindy Krause e.K., zu einer anerkannten Einrichtung f\u00fcr Gesundheit entwickelt. Die Zufriedenheit unserer Kunden steht bei uns an erster Stelle. Um [&hellip;]<\/p>\n","protected":false},"author":1,"featured_media":0,"parent":0,"menu_order":0,"comment_status":"closed","ping_status":"closed","template":"","meta":{"_et_pb_use_builder":"on","_et_pb_old_content":"","_et_gb_content_width":"","footnotes":""},"class_list":["post-7","page","type-page","status-publish","hentry"],"yoast_head":"<!-- This site is optimized with the Yoast SEO plugin v24.4 - https:\/\/yoast.com\/wordpress\/plugins\/seo\/ -->\n<title>Apotheke am Borberg - Sindy Krause - Apotheken<\/title>\n<meta name=\"robots\" content=\"index, follow, max-snippet:-1, max-image-preview:large, max-video-preview:-1\" \/>\n<link rel=\"canonical\" href=\"https:\/\/www.sindy-krause-apotheken.de\/index.php\/apotheke-am-borberg\/\" \/>\n<meta property=\"og:locale\" content=\"de_DE\" \/>\n<meta property=\"og:type\" content=\"article\" \/>\n<meta property=\"og:title\" content=\"Apotheke am Borberg - Sindy Krause - Apotheken\" \/>\n<meta property=\"og:description\" content=\"Apotheke am Borberg&quot;Die Kirchberger&quot; Als eine kleine, aber feine Apotheke im S\u00fcden des Landkreises Zwickau am Westrand des Erzgebirges, 1994 gegr\u00fcndete Apotheke haben wir uns seit der \u00dcbernahme im April 2011 durch Apothekerin Frau Sindy Krause e.K., zu einer anerkannten Einrichtung f\u00fcr Gesundheit entwickelt. Die Zufriedenheit unserer Kunden steht bei uns an erster Stelle. Um [&hellip;]\" \/>\n<meta property=\"og:url\" content=\"https:\/\/www.sindy-krause-apotheken.de\/index.php\/apotheke-am-borberg\/\" \/>\n<meta property=\"og:site_name\" content=\"Sindy Krause - Apotheken\" \/>\n<meta property=\"article:modified_time\" content=\"2021-01-02T16:33:57+00:00\" \/>\n<meta name=\"twitter:card\" content=\"summary_large_image\" \/>\n<meta name=\"twitter:label1\" content=\"Gesch\u00e4tzte Lesezeit\" \/>\n\t<meta name=\"twitter:data1\" content=\"5\u00a0Minuten\" \/>\n<script type=\"application\/ld+json\" class=\"yoast-schema-graph\">{\"@context\":\"https:\/\/schema.org\",\"@graph\":[{\"@type\":\"WebPage\",\"@id\":\"https:\/\/www.sindy-krause-apotheken.de\/index.php\/apotheke-am-borberg\/\",\"url\":\"https:\/\/www.sindy-krause-apotheken.de\/index.php\/apotheke-am-borberg\/\",\"name\":\"Apotheke am Borberg - Sindy Krause - Apotheken\",\"isPartOf\":{\"@id\":\"https:\/\/www.sindy-krause-apotheken.de\/#website\"},\"datePublished\":\"2020-12-23T18:03:07+00:00\",\"dateModified\":\"2021-01-02T16:33:57+00:00\",\"breadcrumb\":{\"@id\":\"https:\/\/www.sindy-krause-apotheken.de\/index.php\/apotheke-am-borberg\/#breadcrumb\"},\"inLanguage\":\"de\",\"potentialAction\":[{\"@type\":\"ReadAction\",\"target\":[\"https:\/\/www.sindy-krause-apotheken.de\/index.php\/apotheke-am-borberg\/\"]}]},{\"@type\":\"BreadcrumbList\",\"@id\":\"https:\/\/www.sindy-krause-apotheken.de\/index.php\/apotheke-am-borberg\/#breadcrumb\",\"itemListElement\":[{\"@type\":\"ListItem\",\"position\":1,\"name\":\"Startseite\",\"item\":\"https:\/\/www.sindy-krause-apotheken.de\/\"},{\"@type\":\"ListItem\",\"position\":2,\"name\":\"Apotheke am Borberg\"}]},{\"@type\":\"WebSite\",\"@id\":\"https:\/\/www.sindy-krause-apotheken.de\/#website\",\"url\":\"https:\/\/www.sindy-krause-apotheken.de\/\",\"name\":\"Sindy Krause - Apotheken\",\"description\":\"Mehr als nur Apotheke!\",\"publisher\":{\"@id\":\"https:\/\/www.sindy-krause-apotheken.de\/#organization\"},\"potentialAction\":[{\"@type\":\"SearchAction\",\"target\":{\"@type\":\"EntryPoint\",\"urlTemplate\":\"https:\/\/www.sindy-krause-apotheken.de\/?s={search_term_string}\"},\"query-input\":{\"@type\":\"PropertyValueSpecification\",\"valueRequired\":true,\"valueName\":\"search_term_string\"}}],\"inLanguage\":\"de\"},{\"@type\":\"Organization\",\"@id\":\"https:\/\/www.sindy-krause-apotheken.de\/#organization\",\"name\":\"Sindy Krause - Apotheken\",\"url\":\"https:\/\/www.sindy-krause-apotheken.de\/\",\"logo\":{\"@type\":\"ImageObject\",\"inLanguage\":\"de\",\"@id\":\"https:\/\/www.sindy-krause-apotheken.de\/#\/schema\/logo\/image\/\",\"url\":\"https:\/\/www.sindy-krause-apotheken.de\/wp-content\/uploads\/2021\/01\/logo_sindy_krause_apotheken.png\",\"contentUrl\":\"https:\/\/www.sindy-krause-apotheken.de\/wp-content\/uploads\/2021\/01\/logo_sindy_krause_apotheken.png\",\"width\":257,\"height\":107,\"caption\":\"Sindy Krause - Apotheken\"},\"image\":{\"@id\":\"https:\/\/www.sindy-krause-apotheken.de\/#\/schema\/logo\/image\/\"}}]}<\/script>\n<!-- \/ Yoast SEO plugin. -->","yoast_head_json":{"title":"Apotheke am Borberg - Sindy Krause - Apotheken","robots":{"index":"index","follow":"follow","max-snippet":"max-snippet:-1","max-image-preview":"max-image-preview:large","max-video-preview":"max-video-preview:-1"},"canonical":"https:\/\/www.sindy-krause-apotheken.de\/index.php\/apotheke-am-borberg\/","og_locale":"de_DE","og_type":"article","og_title":"Apotheke am Borberg - Sindy Krause - Apotheken","og_description":"Apotheke am Borberg\"Die Kirchberger\" Als eine kleine, aber feine Apotheke im S\u00fcden des Landkreises Zwickau am Westrand des Erzgebirges, 1994 gegr\u00fcndete Apotheke haben wir uns seit der \u00dcbernahme im April 2011 durch Apothekerin Frau Sindy Krause e.K., zu einer anerkannten Einrichtung f\u00fcr Gesundheit entwickelt. Die Zufriedenheit unserer Kunden steht bei uns an erster Stelle. Um [&hellip;]","og_url":"https:\/\/www.sindy-krause-apotheken.de\/index.php\/apotheke-am-borberg\/","og_site_name":"Sindy Krause - Apotheken","article_modified_time":"2021-01-02T16:33:57+00:00","twitter_card":"summary_large_image","twitter_misc":{"Gesch\u00e4tzte Lesezeit":"5\u00a0Minuten"},"schema":{"@context":"https:\/\/schema.org","@graph":[{"@type":"WebPage","@id":"https:\/\/www.sindy-krause-apotheken.de\/index.php\/apotheke-am-borberg\/","url":"https:\/\/www.sindy-krause-apotheken.de\/index.php\/apotheke-am-borberg\/","name":"Apotheke am Borberg - Sindy Krause - Apotheken","isPartOf":{"@id":"https:\/\/www.sindy-krause-apotheken.de\/#website"},"datePublished":"2020-12-23T18:03:07+00:00","dateModified":"2021-01-02T16:33:57+00:00","breadcrumb":{"@id":"https:\/\/www.sindy-krause-apotheken.de\/index.php\/apotheke-am-borberg\/#breadcrumb"},"inLanguage":"de","potentialAction":[{"@type":"ReadAction","target":["https:\/\/www.sindy-krause-apotheken.de\/index.php\/apotheke-am-borberg\/"]}]},{"@type":"BreadcrumbList","@id":"https:\/\/www.sindy-krause-apotheken.de\/index.php\/apotheke-am-borberg\/#breadcrumb","itemListElement":[{"@type":"ListItem","position":1,"name":"Startseite","item":"https:\/\/www.sindy-krause-apotheken.de\/"},{"@type":"ListItem","position":2,"name":"Apotheke am Borberg"}]},{"@type":"WebSite","@id":"https:\/\/www.sindy-krause-apotheken.de\/#website","url":"https:\/\/www.sindy-krause-apotheken.de\/","name":"Sindy Krause - Apotheken","description":"Mehr als nur Apotheke!","publisher":{"@id":"https:\/\/www.sindy-krause-apotheken.de\/#organization"},"potentialAction":[{"@type":"SearchAction","target":{"@type":"EntryPoint","urlTemplate":"https:\/\/www.sindy-krause-apotheken.de\/?s={search_term_string}"},"query-input":{"@type":"PropertyValueSpecification","valueRequired":true,"valueName":"search_term_string"}}],"inLanguage":"de"},{"@type":"Organization","@id":"https:\/\/www.sindy-krause-apotheken.de\/#organization","name":"Sindy Krause - Apotheken","url":"https:\/\/www.sindy-krause-apotheken.de\/","logo":{"@type":"ImageObject","inLanguage":"de","@id":"https:\/\/www.sindy-krause-apotheken.de\/#\/schema\/logo\/image\/","url":"https:\/\/www.sindy-krause-apotheken.de\/wp-content\/uploads\/2021\/01\/logo_sindy_krause_apotheken.png","contentUrl":"https:\/\/www.sindy-krause-apotheken.de\/wp-content\/uploads\/2021\/01\/logo_sindy_krause_apotheken.png","width":257,"height":107,"caption":"Sindy Krause - Apotheken"},"image":{"@id":"https:\/\/www.sindy-krause-apotheken.de\/#\/schema\/logo\/image\/"}}]}},"_links":{"self":[{"href":"https:\/\/www.sindy-krause-apotheken.de\/index.php\/wp-json\/wp\/v2\/pages\/7","targetHints":{"allow":["GET"]}}],"collection":[{"href":"https:\/\/www.sindy-krause-apotheken.de\/index.php\/wp-json\/wp\/v2\/pages"}],"about":[{"href":"https:\/\/www.sindy-krause-apotheken.de\/index.php\/wp-json\/wp\/v2\/types\/page"}],"author":[{"embeddable":true,"href":"https:\/\/www.sindy-krause-apotheken.de\/index.php\/wp-json\/wp\/v2\/users\/1"}],"replies":[{"embeddable":true,"href":"https:\/\/www.sindy-krause-apotheken.de\/index.php\/wp-json\/wp\/v2\/comments?post=7"}],"version-history":[{"count":5,"href":"https:\/\/www.sindy-krause-apotheken.de\/index.php\/wp-json\/wp\/v2\/pages\/7\/revisions"}],"predecessor-version":[{"id":234,"href":"https:\/\/www.sindy-krause-apotheken.de\/index.php\/wp-json\/wp\/v2\/pages\/7\/revisions\/234"}],"wp:attachment":[{"href":"https:\/\/www.sindy-krause-apotheken.de\/index.php\/wp-json\/wp\/v2\/media?parent=7"}],"curies":[{"name":"wp","href":"https:\/\/api.w.org\/{rel}","templated":true}]}}