{"id":26,"date":"2020-12-23T18:09:10","date_gmt":"2020-12-23T18:09:10","guid":{"rendered":"https:\/\/www.sindy-krause-apotheken.de\/?page_id=26"},"modified":"2021-10-03T08:17:34","modified_gmt":"2021-10-03T08:17:34","slug":"services","status":"publish","type":"page","link":"https:\/\/www.sindy-krause-apotheken.de\/index.php\/services\/","title":{"rendered":"Services"},"content":{"rendered":"<p>[et_pb_section fb_built=&#8220;1&#8243; fullwidth=&#8220;on&#8220; _builder_version=&#8220;4.7.4&#8243; _module_preset=&#8220;default&#8220; global_module=&#8220;181&#8243;][et_pb_fullwidth_menu menu_id=&#8220;5&#8243; _builder_version=&#8220;4.7.4&#8243; _module_preset=&#8220;default&#8220; menu_font=&#8220;Montserrat|600|||||||&#8220; menu_font_size=&#8220;15px&#8220; background_color=&#8220;#f4f4f4&#8243; height=&#8220;60px&#8220; custom_margin=&#8220;-18px||||false|false&#8220; custom_padding=&#8220;0px||0px||false|false&#8220;][\/et_pb_fullwidth_menu][\/et_pb_section][et_pb_section fb_built=&#8220;1&#8243; _builder_version=&#8220;4.7.7&#8243; _module_preset=&#8220;default&#8220; custom_padding=&#8220;0px||0px||false|false&#8220;][et_pb_row _builder_version=&#8220;4.7.7&#8243; _module_preset=&#8220;default&#8220; height=&#8220;60px&#8220; custom_padding=&#8220;||0px||false|false&#8220;][et_pb_column type=&#8220;4_4&#8243; _builder_version=&#8220;4.7.7&#8243; _module_preset=&#8220;default&#8220;][et_pb_sidebar area=&#8220;et_pb_widget_area_1&#8243; show_border=&#8220;off&#8220; _builder_version=&#8220;4.7.7&#8243; _module_preset=&#8220;default&#8220; body_font=&#8220;Montserrat||||||||&#8220; body_font_size=&#8220;13px&#8220; height=&#8220;40px&#8220;][\/et_pb_sidebar][\/et_pb_column][\/et_pb_row][\/et_pb_section][et_pb_section fb_built=&#8220;1&#8243; _builder_version=&#8220;4.7.7&#8243; _module_preset=&#8220;default&#8220; custom_margin=&#8220;|||80px|false|false&#8220; custom_padding=&#8220;0px||0px||false|false&#8220;][et_pb_row _builder_version=&#8220;4.7.7&#8243; _module_preset=&#8220;default&#8220; custom_padding=&#8220;55px||28px|||&#8220;][et_pb_column type=&#8220;4_4&#8243; _builder_version=&#8220;4.7.7&#8243; _module_preset=&#8220;default&#8220;][et_pb_text _builder_version=&#8220;4.7.7&#8243; _module_preset=&#8220;default&#8220; text_font=&#8220;Montserrat||||||||&#8220; text_text_color=&#8220;#000000&#8243; text_font_size=&#8220;20px&#8220; header_font=&#8220;Montserrat|700|||||||&#8220; header_text_color=&#8220;#c12020&#8243; header_font_size=&#8220;35px&#8220; custom_margin=&#8220;-6px||-6px|||&#8220;]<\/p>\n<h1>Services<\/h1>\n<p>[\/et_pb_text][\/et_pb_column][\/et_pb_row][\/et_pb_section][et_pb_section fb_built=&#8220;1&#8243; _builder_version=&#8220;4.7.7&#8243; _module_preset=&#8220;default&#8220; custom_margin=&#8220;|||80px|false|false&#8220; custom_padding=&#8220;0px||||false|false&#8220;][et_pb_row _builder_version=&#8220;4.7.7&#8243; _module_preset=&#8220;default&#8220; custom_padding=&#8220;0px||0px||false|false&#8220;][et_pb_column type=&#8220;4_4&#8243; _builder_version=&#8220;4.7.7&#8243; _module_preset=&#8220;default&#8220;][et_pb_divider color=&#8220;#c6c6c6&#8243; _builder_version=&#8220;4.7.7&#8243; _module_preset=&#8220;default&#8220;][\/et_pb_divider][et_pb_text _builder_version=&#8220;4.7.7&#8243; _module_preset=&#8220;default&#8220; text_font=&#8220;Montserrat|300|||||||&#8220; text_text_color=&#8220;#000000&#8243; text_font_size=&#8220;17px&#8220; header_text_color=&#8220;#000000&#8243; header_2_font=&#8220;Montserrat|700|||||||&#8220; header_2_text_color=&#8220;#000000&#8243; header_2_font_size=&#8220;25px&#8220; header_2_line_height=&#8220;1.4em&#8220; header_3_font=&#8220;Montserrat|700|||||||&#8220; header_3_text_color=&#8220;#000000&#8243; header_3_font_size=&#8220;17px&#8220; max_width=&#8220;1200px&#8220; min_height=&#8220;107px&#8220;]<\/p>\n<h2>Gemeinsam zu Ihrer L\u00f6sung<\/h2>\n<p><span style=\"color: #000000; font-family: Montserrat;\">Durch fundierte Beratung und weitrecihende Service-Angebote setzen wir uns t\u00e4glich f\u00fcr Ihre Gesundheit ein und sind uns dieser Verantwortung bewusst. Wir m\u00f6chten Ihnen nicht nur die klassische Arzneimittelabgabe bieten, sondern Ihre individuellen Bed\u00fcrfnisse ber\u00fccksichtigen und dabei auf unsere pharmazeutische Kompetenz zur\u00fcckgreifen. So entstehen individuelle L\u00f6sungen, deren Erfolg uns die vielen langj\u00e4hrigen Kunden best\u00e4tigen.<\/span><\/p>\n<p>[\/et_pb_text][\/et_pb_column][\/et_pb_row][et_pb_row _builder_version=&#8220;4.7.7&#8243; _module_preset=&#8220;default&#8220;][et_pb_column type=&#8220;4_4&#8243; _builder_version=&#8220;4.7.7&#8243; _module_preset=&#8220;default&#8220;][et_pb_button button_url=&#8220;@ET-DC@eyJkeW5hbWljIjp0cnVlLCJjb250ZW50IjoicG9zdF9saW5rX3VybF9wYWdlIiwic2V0dGluZ3MiOnsicG9zdF9pZCI6IjM1NSJ9fQ==@&#8220; button_text=&#8220;Analysen &#038; Messungen&#8220; _builder_version=&#8220;4.7.7&#8243; _dynamic_attributes=&#8220;button_url&#8220; _module_preset=&#8220;default&#8220; custom_button=&#8220;on&#8220; button_text_size=&#8220;19px&#8220; button_border_width=&#8220;0px&#8220; button_font=&#8220;Montserrat||||||||&#8220; button_icon=&#8220;%%28%%&#8220; button_icon_placement=&#8220;left&#8220; button_on_hover=&#8220;off&#8220; custom_margin=&#8220;||0px||false|false&#8220;][\/et_pb_button][et_pb_button button_url=&#8220;@ET-DC@eyJkeW5hbWljIjp0cnVlLCJjb250ZW50IjoicG9zdF9saW5rX3VybF9wYWdlIiwic2V0dGluZ3MiOnsicG9zdF9pZCI6IjM1MCJ9fQ==@&#8220; button_text=&#8220;Ger\u00e4teverleih&#8220; _builder_version=&#8220;4.7.7&#8243; _dynamic_attributes=&#8220;button_url&#8220; _module_preset=&#8220;default&#8220; custom_button=&#8220;on&#8220; button_text_size=&#8220;19px&#8220; button_border_width=&#8220;0px&#8220; button_font=&#8220;Montserrat||||||||&#8220; button_icon=&#8220;%%28%%&#8220; button_icon_placement=&#8220;left&#8220; button_on_hover=&#8220;off&#8220; custom_margin=&#8220;||0px||false|false&#8220;][\/et_pb_button][et_pb_button button_url=&#8220;@ET-DC@eyJkeW5hbWljIjp0cnVlLCJjb250ZW50IjoicG9zdF9saW5rX3VybF9wYWdlIiwic2V0dGluZ3MiOnsicG9zdF9pZCI6IjM3OSJ9fQ==@&#8220; button_text=&#8220;Vorbestellung \/ Botendienst&#8220; _builder_version=&#8220;4.9.10&#8243; _dynamic_attributes=&#8220;button_url&#8220; _module_preset=&#8220;default&#8220; custom_button=&#8220;on&#8220; button_text_size=&#8220;19px&#8220; button_border_width=&#8220;0px&#8220; button_font=&#8220;Montserrat||||||||&#8220; button_icon=&#8220;%%28%%&#8220; button_icon_placement=&#8220;left&#8220; button_on_hover=&#8220;off&#8220; custom_margin=&#8220;||0px||false|false&#8220; hover_enabled=&#8220;0&#8243; sticky_enabled=&#8220;0&#8243;][\/et_pb_button][\/et_pb_column][\/et_pb_row][\/et_pb_section][et_pb_section fb_built=&#8220;1&#8243; _builder_version=&#8220;4.7.7&#8243; _module_preset=&#8220;default&#8220; background_color=&#8220;#f4f4f4&#8243; custom_padding=&#8220;39px||90px||false|false&#8220; global_module=&#8220;198&#8243;][et_pb_row _builder_version=&#8220;4.7.7&#8243; _module_preset=&#8220;default&#8220; custom_padding=&#8220;||0px|||&#8220;][et_pb_column type=&#8220;4_4&#8243; _builder_version=&#8220;4.7.7&#8243; _module_preset=&#8220;default&#8220;][et_pb_text _builder_version=&#8220;4.7.7&#8243; _module_preset=&#8220;default&#8220; text_font=&#8220;Montserrat|500|||||||&#8220; text_font_size=&#8220;26px&#8220; text_line_height=&#8220;2.2em&#8220; header_font=&#8220;Montserrat|600|||||||&#8220; header_text_color=&#8220;#c12020&#8243; header_line_height=&#8220;1.3em&#8220; header_2_font=&#8220;Montserrat|700|||||||&#8220; header_2_text_color=&#8220;#c12020&#8243; header_2_font_size=&#8220;31px&#8220; header_2_line_height=&#8220;1.8em&#8220;]<\/p>\n<h2>Kontakt<\/h2>\n<p>Adressen<\/p>\n<p>[\/et_pb_text][\/et_pb_column][\/et_pb_row][et_pb_row column_structure=&#8220;1_4,1_4,1_4,1_4&#8243; _builder_version=&#8220;4.7.7&#8243; _module_preset=&#8220;default&#8220; custom_padding=&#8220;18px|||||&#8220;][et_pb_column type=&#8220;1_4&#8243; _builder_version=&#8220;4.7.7&#8243; _module_preset=&#8220;default&#8220;][et_pb_divider color=&#8220;rgba(0,0,0,0.24)&#8220; _builder_version=&#8220;4.7.7&#8243; _module_preset=&#8220;default&#8220; custom_margin=&#8220;||30px|||&#8220;][\/et_pb_divider][et_pb_image src=&#8220;https:\/\/www.sindy-krause-apotheken.de\/wp-content\/uploads\/2021\/01\/logo_borberg.png&#8220; alt=&#8220;Logo Apotheke am Borberg&#8220; title_text=&#8220;logo_borberg&#8220; align=&#8220;center&#8220; _builder_version=&#8220;4.7.7&#8243; _module_preset=&#8220;default&#8220; module_alignment=&#8220;center&#8220;][\/et_pb_image][et_pb_divider color=&#8220;rgba(0,0,0,0.24)&#8220; _builder_version=&#8220;4.7.7&#8243; _module_preset=&#8220;default&#8220;][\/et_pb_divider][et_pb_text _builder_version=&#8220;4.7.7&#8243; _module_preset=&#8220;default&#8220; text_font=&#8220;Montserrat|300|||||||&#8220; text_font_size=&#8220;16px&#8220; text_line_height=&#8220;1.5em&#8220; quote_font=&#8220;Montserrat||||||||&#8220; header_font=&#8220;Montserrat|700|||||||&#8220; header_text_color=&#8220;#c12020&#8243; header_font_size=&#8220;18px&#8220; header_2_font=&#8220;Montserrat|700|||||||&#8220; header_2_text_color=&#8220;#666666&#8243; header_2_font_size=&#8220;17px&#8220; header_2_line_height=&#8220;1.6em&#8220; header_3_font=&#8220;Montserrat|700|||||||&#8220; header_3_text_color=&#8220;#666666&#8243; header_3_font_size=&#8220;17px&#8220; header_3_line_height=&#8220;0.6em&#8220; header_4_font=&#8220;Montserrat|300|||||||&#8220; header_4_font_size=&#8220;14px&#8220; header_4_line_height=&#8220;0.8em&#8220;]<\/p>\n<h1>Apotheke am Borberg<\/h1>\n<p>Borbergweg 1<br \/> 08107 Kirchberg (Sachsen)<\/p>\n<p>&nbsp;<\/p>\n<h3>T: 037602 71 56<\/h3>\n<h4>(innerhalb der \u00d6ffnungszeiten)<\/h4>\n<h2>F: 037602 71 80<br \/> H: 0800 88 05 505<br \/> M: team@apotheke-am-borberg.de<\/h2>\n<p>[\/et_pb_text][\/et_pb_column][et_pb_column type=&#8220;1_4&#8243; _builder_version=&#8220;4.7.7&#8243; _module_preset=&#8220;default&#8220;][et_pb_divider color=&#8220;rgba(0,0,0,0.24)&#8220; _builder_version=&#8220;4.7.7&#8243; _module_preset=&#8220;default&#8220; custom_margin=&#8220;||28px|||&#8220;][\/et_pb_divider][et_pb_image src=&#8220;https:\/\/www.sindy-krause-apotheken.de\/wp-content\/uploads\/2021\/01\/logo_sandberg.png&#8220; alt=&#8220;Logo Apotheke am Sandberg&#8220; title_text=&#8220;logo_sandberg&#8220; align=&#8220;center&#8220; _builder_version=&#8220;4.7.7&#8243; _module_preset=&#8220;default&#8220; module_alignment=&#8220;center&#8220;][\/et_pb_image][et_pb_divider color=&#8220;rgba(0,0,0,0.24)&#8220; _builder_version=&#8220;4.7.7&#8243; _module_preset=&#8220;default&#8220;][\/et_pb_divider][et_pb_text _builder_version=&#8220;4.7.7&#8243; _module_preset=&#8220;default&#8220; text_font=&#8220;Montserrat|300|||||||&#8220; text_font_size=&#8220;16px&#8220; text_line_height=&#8220;1.5em&#8220; quote_font=&#8220;Montserrat||||||||&#8220; header_font=&#8220;Montserrat|700|||||||&#8220; header_text_color=&#8220;#169279&#8243; header_font_size=&#8220;18px&#8220; header_2_font=&#8220;Montserrat|700|||||||&#8220; header_2_text_color=&#8220;#666666&#8243; header_2_font_size=&#8220;17px&#8220; header_2_line_height=&#8220;1.6em&#8220; header_3_font=&#8220;Montserrat|700|||||||&#8220; header_3_text_color=&#8220;#666666&#8243; header_3_font_size=&#8220;17px&#8220; header_3_line_height=&#8220;0.6em&#8220; header_4_font=&#8220;Montserrat|300|||||||&#8220; header_4_font_size=&#8220;14px&#8220; header_4_line_height=&#8220;0.8em&#8220;]<\/p>\n<h1>Apotheke am Sandberg<\/h1>\n<p>Gewerbering 6<br \/> 08112 Wilkau-Ha\u00dflau<\/p>\n<p>&nbsp;<\/p>\n<h3>T: 0375 61 555<\/h3>\n<h4>(innerhalb der \u00d6ffnungszeiten)<\/h4>\n<h2>F: 0375 69 24 447<br \/> H: 0800 72 63 237<br \/> M: team@apotheke-am-sandberg.de<\/h2>\n<p>[\/et_pb_text][\/et_pb_column][et_pb_column type=&#8220;1_4&#8243; _builder_version=&#8220;4.7.7&#8243; _module_preset=&#8220;default&#8220;][\/et_pb_column][et_pb_column type=&#8220;1_4&#8243; _builder_version=&#8220;4.7.7&#8243; _module_preset=&#8220;default&#8220;][\/et_pb_column][\/et_pb_row][\/et_pb_section]<\/p>\n","protected":false},"excerpt":{"rendered":"<p>ServicesGemeinsam zu Ihrer L\u00f6sung Durch fundierte Beratung und weitrecihende Service-Angebote setzen wir uns t\u00e4glich f\u00fcr Ihre Gesundheit ein und sind uns dieser Verantwortung bewusst. Wir m\u00f6chten Ihnen nicht nur die klassische Arzneimittelabgabe bieten, sondern Ihre individuellen Bed\u00fcrfnisse ber\u00fccksichtigen und dabei auf unsere pharmazeutische Kompetenz zur\u00fcckgreifen. So entstehen individuelle L\u00f6sungen, deren Erfolg uns die vielen langj\u00e4hrigen [&hellip;]<\/p>\n","protected":false},"author":1,"featured_media":0,"parent":0,"menu_order":0,"comment_status":"closed","ping_status":"closed","template":"","meta":{"_et_pb_use_builder":"on","_et_pb_old_content":"<!-- wp:divi\/placeholder \/-->","_et_gb_content_width":"","footnotes":""},"class_list":["post-26","page","type-page","status-publish","hentry"],"yoast_head":"<!-- This site is optimized with the Yoast SEO plugin v24.4 - https:\/\/yoast.com\/wordpress\/plugins\/seo\/ -->\n<title>Services - Sindy Krause - Apotheken<\/title>\n<meta name=\"robots\" content=\"index, follow, max-snippet:-1, max-image-preview:large, max-video-preview:-1\" \/>\n<link rel=\"canonical\" href=\"https:\/\/www.sindy-krause-apotheken.de\/index.php\/services\/\" \/>\n<meta property=\"og:locale\" content=\"de_DE\" \/>\n<meta property=\"og:type\" content=\"article\" \/>\n<meta property=\"og:title\" content=\"Services - Sindy Krause - Apotheken\" \/>\n<meta property=\"og:description\" content=\"ServicesGemeinsam zu Ihrer L\u00f6sung Durch fundierte Beratung und weitrecihende Service-Angebote setzen wir uns t\u00e4glich f\u00fcr Ihre Gesundheit ein und sind uns dieser Verantwortung bewusst. Wir m\u00f6chten Ihnen nicht nur die klassische Arzneimittelabgabe bieten, sondern Ihre individuellen Bed\u00fcrfnisse ber\u00fccksichtigen und dabei auf unsere pharmazeutische Kompetenz zur\u00fcckgreifen. So entstehen individuelle L\u00f6sungen, deren Erfolg uns die vielen langj\u00e4hrigen [&hellip;]\" \/>\n<meta property=\"og:url\" content=\"https:\/\/www.sindy-krause-apotheken.de\/index.php\/services\/\" \/>\n<meta property=\"og:site_name\" content=\"Sindy Krause - Apotheken\" \/>\n<meta property=\"article:modified_time\" content=\"2021-10-03T08:17:34+00:00\" \/>\n<meta name=\"twitter:card\" content=\"summary_large_image\" \/>\n<meta name=\"twitter:label1\" content=\"Gesch\u00e4tzte Lesezeit\" \/>\n\t<meta name=\"twitter:data1\" content=\"6\u00a0Minuten\" \/>\n<script type=\"application\/ld+json\" class=\"yoast-schema-graph\">{\"@context\":\"https:\/\/schema.org\",\"@graph\":[{\"@type\":\"WebPage\",\"@id\":\"https:\/\/www.sindy-krause-apotheken.de\/index.php\/services\/\",\"url\":\"https:\/\/www.sindy-krause-apotheken.de\/index.php\/services\/\",\"name\":\"Services - Sindy Krause - Apotheken\",\"isPartOf\":{\"@id\":\"https:\/\/www.sindy-krause-apotheken.de\/#website\"},\"datePublished\":\"2020-12-23T18:09:10+00:00\",\"dateModified\":\"2021-10-03T08:17:34+00:00\",\"breadcrumb\":{\"@id\":\"https:\/\/www.sindy-krause-apotheken.de\/index.php\/services\/#breadcrumb\"},\"inLanguage\":\"de\",\"potentialAction\":[{\"@type\":\"ReadAction\",\"target\":[\"https:\/\/www.sindy-krause-apotheken.de\/index.php\/services\/\"]}]},{\"@type\":\"BreadcrumbList\",\"@id\":\"https:\/\/www.sindy-krause-apotheken.de\/index.php\/services\/#breadcrumb\",\"itemListElement\":[{\"@type\":\"ListItem\",\"position\":1,\"name\":\"Startseite\",\"item\":\"https:\/\/www.sindy-krause-apotheken.de\/\"},{\"@type\":\"ListItem\",\"position\":2,\"name\":\"Services\"}]},{\"@type\":\"WebSite\",\"@id\":\"https:\/\/www.sindy-krause-apotheken.de\/#website\",\"url\":\"https:\/\/www.sindy-krause-apotheken.de\/\",\"name\":\"Sindy Krause - Apotheken\",\"description\":\"Mehr als nur Apotheke!\",\"publisher\":{\"@id\":\"https:\/\/www.sindy-krause-apotheken.de\/#organization\"},\"potentialAction\":[{\"@type\":\"SearchAction\",\"target\":{\"@type\":\"EntryPoint\",\"urlTemplate\":\"https:\/\/www.sindy-krause-apotheken.de\/?s={search_term_string}\"},\"query-input\":{\"@type\":\"PropertyValueSpecification\",\"valueRequired\":true,\"valueName\":\"search_term_string\"}}],\"inLanguage\":\"de\"},{\"@type\":\"Organization\",\"@id\":\"https:\/\/www.sindy-krause-apotheken.de\/#organization\",\"name\":\"Sindy Krause - Apotheken\",\"url\":\"https:\/\/www.sindy-krause-apotheken.de\/\",\"logo\":{\"@type\":\"ImageObject\",\"inLanguage\":\"de\",\"@id\":\"https:\/\/www.sindy-krause-apotheken.de\/#\/schema\/logo\/image\/\",\"url\":\"https:\/\/www.sindy-krause-apotheken.de\/wp-content\/uploads\/2021\/01\/logo_sindy_krause_apotheken.png\",\"contentUrl\":\"https:\/\/www.sindy-krause-apotheken.de\/wp-content\/uploads\/2021\/01\/logo_sindy_krause_apotheken.png\",\"width\":257,\"height\":107,\"caption\":\"Sindy Krause - Apotheken\"},\"image\":{\"@id\":\"https:\/\/www.sindy-krause-apotheken.de\/#\/schema\/logo\/image\/\"}}]}<\/script>\n<!-- \/ Yoast SEO plugin. -->","yoast_head_json":{"title":"Services - Sindy Krause - Apotheken","robots":{"index":"index","follow":"follow","max-snippet":"max-snippet:-1","max-image-preview":"max-image-preview:large","max-video-preview":"max-video-preview:-1"},"canonical":"https:\/\/www.sindy-krause-apotheken.de\/index.php\/services\/","og_locale":"de_DE","og_type":"article","og_title":"Services - Sindy Krause - Apotheken","og_description":"ServicesGemeinsam zu Ihrer L\u00f6sung Durch fundierte Beratung und weitrecihende Service-Angebote setzen wir uns t\u00e4glich f\u00fcr Ihre Gesundheit ein und sind uns dieser Verantwortung bewusst. Wir m\u00f6chten Ihnen nicht nur die klassische Arzneimittelabgabe bieten, sondern Ihre individuellen Bed\u00fcrfnisse ber\u00fccksichtigen und dabei auf unsere pharmazeutische Kompetenz zur\u00fcckgreifen. So entstehen individuelle L\u00f6sungen, deren Erfolg uns die vielen langj\u00e4hrigen [&hellip;]","og_url":"https:\/\/www.sindy-krause-apotheken.de\/index.php\/services\/","og_site_name":"Sindy Krause - Apotheken","article_modified_time":"2021-10-03T08:17:34+00:00","twitter_card":"summary_large_image","twitter_misc":{"Gesch\u00e4tzte Lesezeit":"6\u00a0Minuten"},"schema":{"@context":"https:\/\/schema.org","@graph":[{"@type":"WebPage","@id":"https:\/\/www.sindy-krause-apotheken.de\/index.php\/services\/","url":"https:\/\/www.sindy-krause-apotheken.de\/index.php\/services\/","name":"Services - Sindy Krause - Apotheken","isPartOf":{"@id":"https:\/\/www.sindy-krause-apotheken.de\/#website"},"datePublished":"2020-12-23T18:09:10+00:00","dateModified":"2021-10-03T08:17:34+00:00","breadcrumb":{"@id":"https:\/\/www.sindy-krause-apotheken.de\/index.php\/services\/#breadcrumb"},"inLanguage":"de","potentialAction":[{"@type":"ReadAction","target":["https:\/\/www.sindy-krause-apotheken.de\/index.php\/services\/"]}]},{"@type":"BreadcrumbList","@id":"https:\/\/www.sindy-krause-apotheken.de\/index.php\/services\/#breadcrumb","itemListElement":[{"@type":"ListItem","position":1,"name":"Startseite","item":"https:\/\/www.sindy-krause-apotheken.de\/"},{"@type":"ListItem","position":2,"name":"Services"}]},{"@type":"WebSite","@id":"https:\/\/www.sindy-krause-apotheken.de\/#website","url":"https:\/\/www.sindy-krause-apotheken.de\/","name":"Sindy Krause - Apotheken","description":"Mehr als nur Apotheke!","publisher":{"@id":"https:\/\/www.sindy-krause-apotheken.de\/#organization"},"potentialAction":[{"@type":"SearchAction","target":{"@type":"EntryPoint","urlTemplate":"https:\/\/www.sindy-krause-apotheken.de\/?s={search_term_string}"},"query-input":{"@type":"PropertyValueSpecification","valueRequired":true,"valueName":"search_term_string"}}],"inLanguage":"de"},{"@type":"Organization","@id":"https:\/\/www.sindy-krause-apotheken.de\/#organization","name":"Sindy Krause - Apotheken","url":"https:\/\/www.sindy-krause-apotheken.de\/","logo":{"@type":"ImageObject","inLanguage":"de","@id":"https:\/\/www.sindy-krause-apotheken.de\/#\/schema\/logo\/image\/","url":"https:\/\/www.sindy-krause-apotheken.de\/wp-content\/uploads\/2021\/01\/logo_sindy_krause_apotheken.png","contentUrl":"https:\/\/www.sindy-krause-apotheken.de\/wp-content\/uploads\/2021\/01\/logo_sindy_krause_apotheken.png","width":257,"height":107,"caption":"Sindy Krause - Apotheken"},"image":{"@id":"https:\/\/www.sindy-krause-apotheken.de\/#\/schema\/logo\/image\/"}}]}},"_links":{"self":[{"href":"https:\/\/www.sindy-krause-apotheken.de\/index.php\/wp-json\/wp\/v2\/pages\/26","targetHints":{"allow":["GET"]}}],"collection":[{"href":"https:\/\/www.sindy-krause-apotheken.de\/index.php\/wp-json\/wp\/v2\/pages"}],"about":[{"href":"https:\/\/www.sindy-krause-apotheken.de\/index.php\/wp-json\/wp\/v2\/types\/page"}],"author":[{"embeddable":true,"href":"https:\/\/www.sindy-krause-apotheken.de\/index.php\/wp-json\/wp\/v2\/users\/1"}],"replies":[{"embeddable":true,"href":"https:\/\/www.sindy-krause-apotheken.de\/index.php\/wp-json\/wp\/v2\/comments?post=26"}],"version-history":[{"count":8,"href":"https:\/\/www.sindy-krause-apotheken.de\/index.php\/wp-json\/wp\/v2\/pages\/26\/revisions"}],"predecessor-version":[{"id":721,"href":"https:\/\/www.sindy-krause-apotheken.de\/index.php\/wp-json\/wp\/v2\/pages\/26\/revisions\/721"}],"wp:attachment":[{"href":"https:\/\/www.sindy-krause-apotheken.de\/index.php\/wp-json\/wp\/v2\/media?parent=26"}],"curies":[{"name":"wp","href":"https:\/\/api.w.org\/{rel}","templated":true}]}}