{"id":24,"date":"2020-12-23T18:08:39","date_gmt":"2020-12-23T18:08:39","guid":{"rendered":"https:\/\/www.sindy-krause-apotheken.de\/?page_id=24"},"modified":"2021-01-06T17:58:31","modified_gmt":"2021-01-06T17:58:31","slug":"venen-gesundheit","status":"publish","type":"page","link":"https:\/\/www.sindy-krause-apotheken.de\/index.php\/schwerpunkte\/venen-gesundheit\/","title":{"rendered":"Venen-Gesundheit"},"content":{"rendered":"<p>[et_pb_section fb_built=&#8220;1&#8243; fullwidth=&#8220;on&#8220; _builder_version=&#8220;4.7.4&#8243; _module_preset=&#8220;default&#8220; global_module=&#8220;181&#8243;][et_pb_fullwidth_menu menu_id=&#8220;5&#8243; _builder_version=&#8220;4.7.4&#8243; _module_preset=&#8220;default&#8220; menu_font=&#8220;Montserrat|600|||||||&#8220; menu_font_size=&#8220;15px&#8220; background_color=&#8220;#f4f4f4&#8243; height=&#8220;60px&#8220; custom_margin=&#8220;-18px||||false|false&#8220; custom_padding=&#8220;0px||0px||false|false&#8220;][\/et_pb_fullwidth_menu][\/et_pb_section][et_pb_section fb_built=&#8220;1&#8243; _builder_version=&#8220;4.7.7&#8243; _module_preset=&#8220;default&#8220; custom_padding=&#8220;0px||0px||false|false&#8220;][et_pb_row _builder_version=&#8220;4.7.7&#8243; _module_preset=&#8220;default&#8220; height=&#8220;60px&#8220; custom_padding=&#8220;||0px||false|false&#8220;][et_pb_column type=&#8220;4_4&#8243; _builder_version=&#8220;4.7.7&#8243; _module_preset=&#8220;default&#8220;][et_pb_sidebar area=&#8220;et_pb_widget_area_1&#8243; show_border=&#8220;off&#8220; _builder_version=&#8220;4.7.7&#8243; _module_preset=&#8220;default&#8220; body_font=&#8220;Montserrat||||||||&#8220; body_font_size=&#8220;13px&#8220; height=&#8220;40px&#8220;][\/et_pb_sidebar][\/et_pb_column][\/et_pb_row][\/et_pb_section][et_pb_section fb_built=&#8220;1&#8243; _builder_version=&#8220;4.7.7&#8243; _module_preset=&#8220;default&#8220; custom_margin=&#8220;|||80px|false|false&#8220; custom_padding=&#8220;0px||0px||false|false&#8220;][et_pb_row _builder_version=&#8220;4.7.7&#8243; _module_preset=&#8220;default&#8220; custom_padding=&#8220;55px||28px|||&#8220;][et_pb_column type=&#8220;4_4&#8243; _builder_version=&#8220;4.7.7&#8243; _module_preset=&#8220;default&#8220;][et_pb_text _builder_version=&#8220;4.7.7&#8243; _module_preset=&#8220;default&#8220; text_font=&#8220;Montserrat||||||||&#8220; text_text_color=&#8220;#000000&#8243; text_font_size=&#8220;20px&#8220; header_font=&#8220;Montserrat|700|||||||&#8220; header_text_color=&#8220;#c12020&#8243; header_font_size=&#8220;35px&#8220; custom_margin=&#8220;-6px||-6px|||&#8220; hover_enabled=&#8220;0&#8243; sticky_enabled=&#8220;0&#8243;]<\/p>\n<h1>Venenfachberater<\/h1>\n<p>[\/et_pb_text][\/et_pb_column][\/et_pb_row][\/et_pb_section][et_pb_section fb_built=&#8220;1&#8243; _builder_version=&#8220;4.7.7&#8243; _module_preset=&#8220;default&#8220; custom_margin=&#8220;|||80px|false|false&#8220; custom_padding=&#8220;0px||||false|false&#8220;][et_pb_row _builder_version=&#8220;4.7.7&#8243; _module_preset=&#8220;default&#8220; custom_padding=&#8220;0px||0px||false|false&#8220;][et_pb_column type=&#8220;4_4&#8243; _builder_version=&#8220;4.7.7&#8243; _module_preset=&#8220;default&#8220;][et_pb_divider color=&#8220;#c6c6c6&#8243; _builder_version=&#8220;4.7.7&#8243; _module_preset=&#8220;default&#8220;][\/et_pb_divider][et_pb_text _builder_version=&#8220;4.7.7&#8243; _module_preset=&#8220;default&#8220; text_font=&#8220;Montserrat|300|||||||&#8220; text_text_color=&#8220;#000000&#8243; text_font_size=&#8220;17px&#8220; header_text_color=&#8220;#000000&#8243; header_2_font=&#8220;Montserrat|700|||||||&#8220; header_2_text_color=&#8220;#000000&#8243; header_2_font_size=&#8220;25px&#8220; header_2_line_height=&#8220;1.4em&#8220; header_3_font=&#8220;Montserrat|700|||||||&#8220; header_3_text_color=&#8220;#000000&#8243; header_3_font_size=&#8220;17px&#8220; max_width=&#8220;1200px&#8220; min_height=&#8220;107px&#8220;]<\/p>\n<h2>Mit Kompetenz zum Erfolg<\/h2>\n<p><span style=\"color: #000000; font-family: Montserrat;\">Venenleiden, die fr\u00fchzeitig erkannt werden sind gut therapierbar. Umfassende Aufkl\u00e4rung ist daf\u00fcr die Basis. Ein besonderes Merkmal ist nachhaltige Qualifikation unserer Mitarbeiter was uns zu kompetenten Ansprechpartnern f\u00fcr das Thema Venengesundheit macht. Unsere Mitarbeiter haben sich auch auf diesem Gebiet spezialisiert und die Weiterbildung zum Venenfachberater absolviert. Die Spezialisierung umfasst Rundstrick sowie Flachstrick f\u00fcr die Lymphversorgung.<br \/> <\/span><\/p>\n<p><span style=\"color: #000000; font-family: Montserrat;\">F\u00fcr den langfristigen Behandlungserfolg ven\u00f6ser Beinbeschwerden ist das <\/span><span style=\"color: #000000; font-family: Montserrat;\">fr\u00fchzeitige Erkennen, die Wahl der geeigneten Therapie und die Sicherstellung der Compliance entscheidend. <\/span><span style=\"color: #000000; font-family: Montserrat;\">Mit Fachkompetenz und Beratungsqualit\u00e4t stehen wir als zentraler Partner f\u00fcr Arzt, Patient, Krankenkasse und andere Institutionen rund um das Thema \u201eVenen\u201c zur Verf\u00fcgung. Als Schnittstelle zwischen Venenpatient einerseits und Arzt, Krankenkasse und anderen Institutionen andererseits sorgen wir f\u00fcr einen langfristigen Behandlungserfolg und eine dauerhafte Compliance. Unsere Mitarbeiterinnen sind f\u00fcr Sie da, um Sie zu diesem Thema umfassend zu beraten.<\/span><\/p>\n<p>[\/et_pb_text][\/et_pb_column][\/et_pb_row][et_pb_row _builder_version=&#8220;4.7.7&#8243; _module_preset=&#8220;default&#8220; hover_enabled=&#8220;0&#8243; sticky_enabled=&#8220;0&#8243;][et_pb_column type=&#8220;4_4&#8243; _builder_version=&#8220;4.7.7&#8243; _module_preset=&#8220;default&#8220;][et_pb_text _builder_version=&#8220;4.7.7&#8243; _module_preset=&#8220;default&#8220; text_font=&#8220;Montserrat|300|||||||&#8220; text_text_color=&#8220;#000000&#8243; text_font_size=&#8220;17px&#8220; header_text_color=&#8220;#000000&#8243; header_2_font=&#8220;Montserrat|700|||||||&#8220; header_2_text_color=&#8220;#000000&#8243; header_2_font_size=&#8220;25px&#8220; header_2_line_height=&#8220;1.4em&#8220; header_3_font=&#8220;Montserrat|700|||||||&#8220; header_3_text_color=&#8220;#000000&#8243; header_3_font_size=&#8220;17px&#8220; max_width=&#8220;1200px&#8220; min_height=&#8220;107px&#8220; hover_enabled=&#8220;0&#8243; sticky_enabled=&#8220;0&#8243;]<\/p>\n<h2>Kompressionsstr\u00fcmpfe<\/h2>\n<p>Eine sehr wirksame Behandlungsm\u00f6glichkeit f\u00fcr Menschen, welche unter ven\u00f6sen \u00d6demen, Lip- oder Lymph\u00f6demen leiden oder bewusst Besenreiser, Krampfadern oder geschwollenen Beinen vorbeugen m\u00f6chten, ist die Kompressionstherapie eine sehr wirksame Behandlungsm\u00f6glichkeit. (\u00d6dem: Fl\u00fcssigkeitsansammlung im Gewebe).<\/p>\n<p>Der Bedarf ist gro\u00df, fast jeder 2. Deutsche leidet unter Venenbeschwerden unterschiedlicher Auspr\u00e4gungen, vom Besenreiser, Krampfadern bis hin zu \u00d6demansammlungen. Auch f\u00fcr Schwangere und Frauen, welche die &#8222;Pille&#8220; einnehmen, Menschen die viel sitzen, stehen oder im Flugzeug unterwegs sind, Sportler, erblich Vorbelastete, \u00dcbergewichtige, Raucher, Diabetiker, Aktive oder Reisende, egal ob jung oder alt, ist die Kompressionstherapie geeignet. Durch die Kompression (Druck von au\u00dfen) kann das Blut wieder besser flie\u00dfen, und er Bildung von \u00d6demen, Krampfadern aber auch dem Verschlimmern von Krankheiten (z.B. Thrombosen) entgegengewirkt werden.<\/p>\n<p>Wir bieten Ihnen sowohl Rundstrick- als auch Flachstrickqualit\u00e4ten an. Beide unterscheiden sich in der Art, wie sie gestrickt werden, und in dem Druck, den sie erzeugen. Rundstrickartikel eignen sich z.B. zur Vorbeugung und Behandlung von Venenerkrankungen, auf Reisen, f\u00fcr Sportler oder aktive Menschen. Flachstrickversorgungen werden unter anderem zur Behandlung von Lip- oder Lymph\u00f6demen ben\u00f6tigt. Pr\u00e4ventiv haben wir auch St\u00fctzstr\u00fcmpfe f\u00fcr Sie im Angebot.<\/p>\n<p>Uns ist es wichtig, f\u00fcr Sie die passende Versorgung zu finden, Sie zum Anziehen, zu Anziehhilfen und zur Pflege der Produkte zu beraten und, falls notwendig, in der Handhabung zu schulen. Dazu k\u00f6nnen wir mit Ihnen gemeinsam aus einer gro\u00dfen Sortimentsbreite das Geeignete ausw\u00e4hlen:<\/p>\n<ul>\n<li>Verschiedene Materialien<\/li>\n<li>Standard- und j\u00e4hrlich wechselnde Modefarben<\/li>\n<li>verschiedene Muster<\/li>\n<\/ul>\n<p>Die Anmessung erfolgt in der Apotheke zu einem vereinbarten Termin. Wenn es erforderlich sein sollte, kann diese auch bei Ihnen zuhause erfolgen. Wir beliefern sowohl Bestellungen auf Rezept als auch Privatbestellungen.<\/p>\n<p>Das richtige Anmessen und die Wahl des geeigneten Produktes garantieren eine optimale Passgenauigkeit und Wirksamkeit, guten Tragekomfort, weniger m\u00fcde Beine und andere Beschwerden, eine Verbesserung des Wohlbefindens und der Lebensqualit\u00e4t.<\/p>\n<p>In regelm\u00e4\u00dfigen Abst\u00e4nden f\u00fchren wir f\u00fcr Sie Beratungstage zu diesem Thema in unserer Apotheke durch. Wenn Sie Fragen haben, sprechen Sie uns gern an. Wir sind f\u00fcr Sie da.<\/p>\n<p>[\/et_pb_text][\/et_pb_column][\/et_pb_row][et_pb_row column_structure=&#8220;1_4,3_4&#8243; _builder_version=&#8220;4.7.7&#8243; _module_preset=&#8220;default&#8220;][et_pb_column type=&#8220;1_4&#8243; _builder_version=&#8220;4.7.7&#8243; _module_preset=&#8220;default&#8220;][et_pb_image src=&#8220;https:\/\/www.sindy-krause-apotheken.de\/wp-content\/uploads\/2021\/01\/belsana_venenfachcenter.png&#8220; alt=&#8220;Logo VenenFachCenter&#8220; title_text=&#8220;belsana_venenfachcenter&#8220; force_fullwidth=&#8220;on&#8220; _builder_version=&#8220;4.7.7&#8243; _module_preset=&#8220;default&#8220; hover_enabled=&#8220;0&#8243; sticky_enabled=&#8220;0&#8243;][\/et_pb_image][\/et_pb_column][et_pb_column type=&#8220;3_4&#8243; _builder_version=&#8220;4.7.7&#8243; _module_preset=&#8220;default&#8220;][et_pb_text _builder_version=&#8220;4.7.7&#8243; _module_preset=&#8220;default&#8220; text_font=&#8220;Montserrat|300|||||||&#8220; text_text_color=&#8220;#000000&#8243; text_font_size=&#8220;17px&#8220; header_2_font=&#8220;Montserrat|700|||||||&#8220; header_2_font_size=&#8220;25px&#8220; header_2_line_height=&#8220;1.4em&#8220; max_width=&#8220;750px&#8220; min_height=&#8220;107px&#8220; hover_enabled=&#8220;0&#8243; sticky_enabled=&#8220;0&#8243;]<\/p>\n<h2>VenenFachCenter by Belsana<\/h2>\n<p>Seit 2016 d\u00fcrfen wir den Titel &#8222;VenenFachCenter by Belsana&#8220; tragen, eine Auszeichnung des Unternehmens Belsana f\u00fcr Apotheken mit ausgebildeten Experten rund um das Thema Beingesundheit.<\/p>\n<p>[\/et_pb_text][\/et_pb_column][\/et_pb_row][\/et_pb_section][et_pb_section fb_built=&#8220;1&#8243; _builder_version=&#8220;4.7.7&#8243; _module_preset=&#8220;default&#8220; background_color=&#8220;#f4f4f4&#8243; custom_padding=&#8220;39px||90px||false|false&#8220; global_module=&#8220;198&#8243;][et_pb_row _builder_version=&#8220;4.7.7&#8243; _module_preset=&#8220;default&#8220; custom_padding=&#8220;||0px|||&#8220;][et_pb_column type=&#8220;4_4&#8243; _builder_version=&#8220;4.7.7&#8243; _module_preset=&#8220;default&#8220;][et_pb_text _builder_version=&#8220;4.7.7&#8243; _module_preset=&#8220;default&#8220; text_font=&#8220;Montserrat|500|||||||&#8220; text_font_size=&#8220;26px&#8220; text_line_height=&#8220;2.2em&#8220; header_font=&#8220;Montserrat|600|||||||&#8220; header_text_color=&#8220;#c12020&#8243; header_line_height=&#8220;1.3em&#8220; header_2_font=&#8220;Montserrat|700|||||||&#8220; header_2_text_color=&#8220;#c12020&#8243; header_2_font_size=&#8220;31px&#8220; header_2_line_height=&#8220;1.8em&#8220;]<\/p>\n<h2>Kontakt<\/h2>\n<p>Adressen<\/p>\n<p>[\/et_pb_text][\/et_pb_column][\/et_pb_row][et_pb_row column_structure=&#8220;1_4,1_4,1_4,1_4&#8243; _builder_version=&#8220;4.7.7&#8243; _module_preset=&#8220;default&#8220; custom_padding=&#8220;18px|||||&#8220;][et_pb_column type=&#8220;1_4&#8243; _builder_version=&#8220;4.7.7&#8243; _module_preset=&#8220;default&#8220;][et_pb_divider color=&#8220;rgba(0,0,0,0.24)&#8220; _builder_version=&#8220;4.7.7&#8243; _module_preset=&#8220;default&#8220; custom_margin=&#8220;||30px|||&#8220;][\/et_pb_divider][et_pb_image src=&#8220;https:\/\/www.sindy-krause-apotheken.de\/wp-content\/uploads\/2021\/01\/logo_borberg.png&#8220; alt=&#8220;Logo Apotheke am Borberg&#8220; title_text=&#8220;logo_borberg&#8220; align=&#8220;center&#8220; _builder_version=&#8220;4.7.7&#8243; _module_preset=&#8220;default&#8220; module_alignment=&#8220;center&#8220;][\/et_pb_image][et_pb_divider color=&#8220;rgba(0,0,0,0.24)&#8220; _builder_version=&#8220;4.7.7&#8243; _module_preset=&#8220;default&#8220;][\/et_pb_divider][et_pb_text _builder_version=&#8220;4.7.7&#8243; _module_preset=&#8220;default&#8220; text_font=&#8220;Montserrat|300|||||||&#8220; text_font_size=&#8220;16px&#8220; text_line_height=&#8220;1.5em&#8220; quote_font=&#8220;Montserrat||||||||&#8220; header_font=&#8220;Montserrat|700|||||||&#8220; header_text_color=&#8220;#c12020&#8243; header_font_size=&#8220;18px&#8220; header_2_font=&#8220;Montserrat|700|||||||&#8220; header_2_text_color=&#8220;#666666&#8243; header_2_font_size=&#8220;17px&#8220; header_2_line_height=&#8220;1.6em&#8220; header_3_font=&#8220;Montserrat|700|||||||&#8220; header_3_text_color=&#8220;#666666&#8243; header_3_font_size=&#8220;17px&#8220; header_3_line_height=&#8220;0.6em&#8220; header_4_font=&#8220;Montserrat|300|||||||&#8220; header_4_font_size=&#8220;14px&#8220; header_4_line_height=&#8220;0.8em&#8220;]<\/p>\n<h1>Apotheke am Borberg<\/h1>\n<p>Borbergweg 1<br \/> 08107 Kirchberg (Sachsen)<\/p>\n<p>&nbsp;<\/p>\n<h3>T: 037602 71 56<\/h3>\n<h4>(innerhalb der \u00d6ffnungszeiten)<\/h4>\n<h2>F: 037602 71 80<br \/> H: 0800 88 05 505<br \/> M: team@apotheke-am-borberg.de<\/h2>\n<p>[\/et_pb_text][\/et_pb_column][et_pb_column type=&#8220;1_4&#8243; _builder_version=&#8220;4.7.7&#8243; _module_preset=&#8220;default&#8220;][et_pb_divider color=&#8220;rgba(0,0,0,0.24)&#8220; _builder_version=&#8220;4.7.7&#8243; _module_preset=&#8220;default&#8220; custom_margin=&#8220;||28px|||&#8220;][\/et_pb_divider][et_pb_image src=&#8220;https:\/\/www.sindy-krause-apotheken.de\/wp-content\/uploads\/2021\/01\/logo_sandberg.png&#8220; alt=&#8220;Logo Apotheke am Sandberg&#8220; title_text=&#8220;logo_sandberg&#8220; align=&#8220;center&#8220; _builder_version=&#8220;4.7.7&#8243; _module_preset=&#8220;default&#8220; module_alignment=&#8220;center&#8220;][\/et_pb_image][et_pb_divider color=&#8220;rgba(0,0,0,0.24)&#8220; _builder_version=&#8220;4.7.7&#8243; _module_preset=&#8220;default&#8220;][\/et_pb_divider][et_pb_text _builder_version=&#8220;4.7.7&#8243; _module_preset=&#8220;default&#8220; text_font=&#8220;Montserrat|300|||||||&#8220; text_font_size=&#8220;16px&#8220; text_line_height=&#8220;1.5em&#8220; quote_font=&#8220;Montserrat||||||||&#8220; header_font=&#8220;Montserrat|700|||||||&#8220; header_text_color=&#8220;#169279&#8243; header_font_size=&#8220;18px&#8220; header_2_font=&#8220;Montserrat|700|||||||&#8220; header_2_text_color=&#8220;#666666&#8243; header_2_font_size=&#8220;17px&#8220; header_2_line_height=&#8220;1.6em&#8220; header_3_font=&#8220;Montserrat|700|||||||&#8220; header_3_text_color=&#8220;#666666&#8243; header_3_font_size=&#8220;17px&#8220; header_3_line_height=&#8220;0.6em&#8220; header_4_font=&#8220;Montserrat|300|||||||&#8220; header_4_font_size=&#8220;14px&#8220; header_4_line_height=&#8220;0.8em&#8220;]<\/p>\n<h1>Apotheke am Sandberg<\/h1>\n<p>Gewerbering 6<br \/> 08112 Wilkau-Ha\u00dflau<\/p>\n<p>&nbsp;<\/p>\n<h3>T: 0375 61 555<\/h3>\n<h4>(innerhalb der \u00d6ffnungszeiten)<\/h4>\n<h2>F: 0375 69 24 447<br \/> H: 0800 72 63 237<br \/> M: team@apotheke-am-sandberg.de<\/h2>\n<p>[\/et_pb_text][\/et_pb_column][et_pb_column type=&#8220;1_4&#8243; _builder_version=&#8220;4.7.7&#8243; _module_preset=&#8220;default&#8220;][\/et_pb_column][et_pb_column type=&#8220;1_4&#8243; _builder_version=&#8220;4.7.7&#8243; _module_preset=&#8220;default&#8220;][\/et_pb_column][\/et_pb_row][\/et_pb_section]<\/p>\n","protected":false},"excerpt":{"rendered":"<p>Venenfachberater Mit Kompetenz zum Erfolg Venenleiden, die fr\u00fchzeitig erkannt werden sind gut therapierbar. Umfassende Aufkl\u00e4rung ist daf\u00fcr die Basis. Ein besonderes Merkmal ist nachhaltige Qualifikation unserer Mitarbeiter was uns zu kompetenten Ansprechpartnern f\u00fcr das Thema Venengesundheit macht. Unsere Mitarbeiter haben sich auch auf diesem Gebiet spezialisiert und die Weiterbildung zum Venenfachberater absolviert. Die Spezialisierung umfasst [&hellip;]<\/p>\n","protected":false},"author":1,"featured_media":0,"parent":18,"menu_order":0,"comment_status":"closed","ping_status":"closed","template":"","meta":{"_et_pb_use_builder":"on","_et_pb_old_content":"<!-- wp:divi\/placeholder \/-->","_et_gb_content_width":"","footnotes":""},"class_list":["post-24","page","type-page","status-publish","hentry"],"yoast_head":"<!-- This site is optimized with the Yoast SEO plugin v24.4 - https:\/\/yoast.com\/wordpress\/plugins\/seo\/ -->\n<title>Venen-Gesundheit - Sindy Krause - Apotheken<\/title>\n<meta name=\"robots\" content=\"index, follow, max-snippet:-1, max-image-preview:large, max-video-preview:-1\" \/>\n<link rel=\"canonical\" href=\"https:\/\/www.sindy-krause-apotheken.de\/index.php\/schwerpunkte\/venen-gesundheit\/\" \/>\n<meta property=\"og:locale\" content=\"de_DE\" \/>\n<meta property=\"og:type\" content=\"article\" \/>\n<meta property=\"og:title\" content=\"Venen-Gesundheit - Sindy Krause - Apotheken\" \/>\n<meta property=\"og:description\" content=\"Venenfachberater Mit Kompetenz zum Erfolg Venenleiden, die fr\u00fchzeitig erkannt werden sind gut therapierbar. Umfassende Aufkl\u00e4rung ist daf\u00fcr die Basis. Ein besonderes Merkmal ist nachhaltige Qualifikation unserer Mitarbeiter was uns zu kompetenten Ansprechpartnern f\u00fcr das Thema Venengesundheit macht. Unsere Mitarbeiter haben sich auch auf diesem Gebiet spezialisiert und die Weiterbildung zum Venenfachberater absolviert. Die Spezialisierung umfasst [&hellip;]\" \/>\n<meta property=\"og:url\" content=\"https:\/\/www.sindy-krause-apotheken.de\/index.php\/schwerpunkte\/venen-gesundheit\/\" \/>\n<meta property=\"og:site_name\" content=\"Sindy Krause - Apotheken\" \/>\n<meta property=\"article:modified_time\" content=\"2021-01-06T17:58:31+00:00\" \/>\n<meta name=\"twitter:card\" content=\"summary_large_image\" \/>\n<meta name=\"twitter:label1\" content=\"Gesch\u00e4tzte Lesezeit\" \/>\n\t<meta name=\"twitter:data1\" content=\"8\u00a0Minuten\" \/>\n<script type=\"application\/ld+json\" class=\"yoast-schema-graph\">{\"@context\":\"https:\/\/schema.org\",\"@graph\":[{\"@type\":\"WebPage\",\"@id\":\"https:\/\/www.sindy-krause-apotheken.de\/index.php\/schwerpunkte\/venen-gesundheit\/\",\"url\":\"https:\/\/www.sindy-krause-apotheken.de\/index.php\/schwerpunkte\/venen-gesundheit\/\",\"name\":\"Venen-Gesundheit - Sindy Krause - Apotheken\",\"isPartOf\":{\"@id\":\"https:\/\/www.sindy-krause-apotheken.de\/#website\"},\"datePublished\":\"2020-12-23T18:08:39+00:00\",\"dateModified\":\"2021-01-06T17:58:31+00:00\",\"breadcrumb\":{\"@id\":\"https:\/\/www.sindy-krause-apotheken.de\/index.php\/schwerpunkte\/venen-gesundheit\/#breadcrumb\"},\"inLanguage\":\"de\",\"potentialAction\":[{\"@type\":\"ReadAction\",\"target\":[\"https:\/\/www.sindy-krause-apotheken.de\/index.php\/schwerpunkte\/venen-gesundheit\/\"]}]},{\"@type\":\"BreadcrumbList\",\"@id\":\"https:\/\/www.sindy-krause-apotheken.de\/index.php\/schwerpunkte\/venen-gesundheit\/#breadcrumb\",\"itemListElement\":[{\"@type\":\"ListItem\",\"position\":1,\"name\":\"Startseite\",\"item\":\"https:\/\/www.sindy-krause-apotheken.de\/\"},{\"@type\":\"ListItem\",\"position\":2,\"name\":\"Schwerpunkte\",\"item\":\"https:\/\/www.sindy-krause-apotheken.de\/index.php\/schwerpunkte\/\"},{\"@type\":\"ListItem\",\"position\":3,\"name\":\"Venen-Gesundheit\"}]},{\"@type\":\"WebSite\",\"@id\":\"https:\/\/www.sindy-krause-apotheken.de\/#website\",\"url\":\"https:\/\/www.sindy-krause-apotheken.de\/\",\"name\":\"Sindy Krause - Apotheken\",\"description\":\"Mehr als nur Apotheke!\",\"publisher\":{\"@id\":\"https:\/\/www.sindy-krause-apotheken.de\/#organization\"},\"potentialAction\":[{\"@type\":\"SearchAction\",\"target\":{\"@type\":\"EntryPoint\",\"urlTemplate\":\"https:\/\/www.sindy-krause-apotheken.de\/?s={search_term_string}\"},\"query-input\":{\"@type\":\"PropertyValueSpecification\",\"valueRequired\":true,\"valueName\":\"search_term_string\"}}],\"inLanguage\":\"de\"},{\"@type\":\"Organization\",\"@id\":\"https:\/\/www.sindy-krause-apotheken.de\/#organization\",\"name\":\"Sindy Krause - Apotheken\",\"url\":\"https:\/\/www.sindy-krause-apotheken.de\/\",\"logo\":{\"@type\":\"ImageObject\",\"inLanguage\":\"de\",\"@id\":\"https:\/\/www.sindy-krause-apotheken.de\/#\/schema\/logo\/image\/\",\"url\":\"https:\/\/www.sindy-krause-apotheken.de\/wp-content\/uploads\/2021\/01\/logo_sindy_krause_apotheken.png\",\"contentUrl\":\"https:\/\/www.sindy-krause-apotheken.de\/wp-content\/uploads\/2021\/01\/logo_sindy_krause_apotheken.png\",\"width\":257,\"height\":107,\"caption\":\"Sindy Krause - Apotheken\"},\"image\":{\"@id\":\"https:\/\/www.sindy-krause-apotheken.de\/#\/schema\/logo\/image\/\"}}]}<\/script>\n<!-- \/ Yoast SEO plugin. -->","yoast_head_json":{"title":"Venen-Gesundheit - Sindy Krause - Apotheken","robots":{"index":"index","follow":"follow","max-snippet":"max-snippet:-1","max-image-preview":"max-image-preview:large","max-video-preview":"max-video-preview:-1"},"canonical":"https:\/\/www.sindy-krause-apotheken.de\/index.php\/schwerpunkte\/venen-gesundheit\/","og_locale":"de_DE","og_type":"article","og_title":"Venen-Gesundheit - Sindy Krause - Apotheken","og_description":"Venenfachberater Mit Kompetenz zum Erfolg Venenleiden, die fr\u00fchzeitig erkannt werden sind gut therapierbar. Umfassende Aufkl\u00e4rung ist daf\u00fcr die Basis. Ein besonderes Merkmal ist nachhaltige Qualifikation unserer Mitarbeiter was uns zu kompetenten Ansprechpartnern f\u00fcr das Thema Venengesundheit macht. Unsere Mitarbeiter haben sich auch auf diesem Gebiet spezialisiert und die Weiterbildung zum Venenfachberater absolviert. Die Spezialisierung umfasst [&hellip;]","og_url":"https:\/\/www.sindy-krause-apotheken.de\/index.php\/schwerpunkte\/venen-gesundheit\/","og_site_name":"Sindy Krause - Apotheken","article_modified_time":"2021-01-06T17:58:31+00:00","twitter_card":"summary_large_image","twitter_misc":{"Gesch\u00e4tzte Lesezeit":"8\u00a0Minuten"},"schema":{"@context":"https:\/\/schema.org","@graph":[{"@type":"WebPage","@id":"https:\/\/www.sindy-krause-apotheken.de\/index.php\/schwerpunkte\/venen-gesundheit\/","url":"https:\/\/www.sindy-krause-apotheken.de\/index.php\/schwerpunkte\/venen-gesundheit\/","name":"Venen-Gesundheit - Sindy Krause - Apotheken","isPartOf":{"@id":"https:\/\/www.sindy-krause-apotheken.de\/#website"},"datePublished":"2020-12-23T18:08:39+00:00","dateModified":"2021-01-06T17:58:31+00:00","breadcrumb":{"@id":"https:\/\/www.sindy-krause-apotheken.de\/index.php\/schwerpunkte\/venen-gesundheit\/#breadcrumb"},"inLanguage":"de","potentialAction":[{"@type":"ReadAction","target":["https:\/\/www.sindy-krause-apotheken.de\/index.php\/schwerpunkte\/venen-gesundheit\/"]}]},{"@type":"BreadcrumbList","@id":"https:\/\/www.sindy-krause-apotheken.de\/index.php\/schwerpunkte\/venen-gesundheit\/#breadcrumb","itemListElement":[{"@type":"ListItem","position":1,"name":"Startseite","item":"https:\/\/www.sindy-krause-apotheken.de\/"},{"@type":"ListItem","position":2,"name":"Schwerpunkte","item":"https:\/\/www.sindy-krause-apotheken.de\/index.php\/schwerpunkte\/"},{"@type":"ListItem","position":3,"name":"Venen-Gesundheit"}]},{"@type":"WebSite","@id":"https:\/\/www.sindy-krause-apotheken.de\/#website","url":"https:\/\/www.sindy-krause-apotheken.de\/","name":"Sindy Krause - Apotheken","description":"Mehr als nur Apotheke!","publisher":{"@id":"https:\/\/www.sindy-krause-apotheken.de\/#organization"},"potentialAction":[{"@type":"SearchAction","target":{"@type":"EntryPoint","urlTemplate":"https:\/\/www.sindy-krause-apotheken.de\/?s={search_term_string}"},"query-input":{"@type":"PropertyValueSpecification","valueRequired":true,"valueName":"search_term_string"}}],"inLanguage":"de"},{"@type":"Organization","@id":"https:\/\/www.sindy-krause-apotheken.de\/#organization","name":"Sindy Krause - Apotheken","url":"https:\/\/www.sindy-krause-apotheken.de\/","logo":{"@type":"ImageObject","inLanguage":"de","@id":"https:\/\/www.sindy-krause-apotheken.de\/#\/schema\/logo\/image\/","url":"https:\/\/www.sindy-krause-apotheken.de\/wp-content\/uploads\/2021\/01\/logo_sindy_krause_apotheken.png","contentUrl":"https:\/\/www.sindy-krause-apotheken.de\/wp-content\/uploads\/2021\/01\/logo_sindy_krause_apotheken.png","width":257,"height":107,"caption":"Sindy Krause - Apotheken"},"image":{"@id":"https:\/\/www.sindy-krause-apotheken.de\/#\/schema\/logo\/image\/"}}]}},"_links":{"self":[{"href":"https:\/\/www.sindy-krause-apotheken.de\/index.php\/wp-json\/wp\/v2\/pages\/24","targetHints":{"allow":["GET"]}}],"collection":[{"href":"https:\/\/www.sindy-krause-apotheken.de\/index.php\/wp-json\/wp\/v2\/pages"}],"about":[{"href":"https:\/\/www.sindy-krause-apotheken.de\/index.php\/wp-json\/wp\/v2\/types\/page"}],"author":[{"embeddable":true,"href":"https:\/\/www.sindy-krause-apotheken.de\/index.php\/wp-json\/wp\/v2\/users\/1"}],"replies":[{"embeddable":true,"href":"https:\/\/www.sindy-krause-apotheken.de\/index.php\/wp-json\/wp\/v2\/comments?post=24"}],"version-history":[{"count":6,"href":"https:\/\/www.sindy-krause-apotheken.de\/index.php\/wp-json\/wp\/v2\/pages\/24\/revisions"}],"predecessor-version":[{"id":343,"href":"https:\/\/www.sindy-krause-apotheken.de\/index.php\/wp-json\/wp\/v2\/pages\/24\/revisions\/343"}],"up":[{"embeddable":true,"href":"https:\/\/www.sindy-krause-apotheken.de\/index.php\/wp-json\/wp\/v2\/pages\/18"}],"wp:attachment":[{"href":"https:\/\/www.sindy-krause-apotheken.de\/index.php\/wp-json\/wp\/v2\/media?parent=24"}],"curies":[{"name":"wp","href":"https:\/\/api.w.org\/{rel}","templated":true}]}}